{"id":1487,"date":"2014-04-10T11:44:08","date_gmt":"2014-04-10T11:44:08","guid":{"rendered":"http:\/\/iiinnnttteeerrrnnneeettt.com\/?page_id=1487"},"modified":"2016-03-21T18:35:53","modified_gmt":"2016-03-21T17:35:53","slug":"normas-funcionamiento","status":"publish","type":"page","link":"https:\/\/www.sonalegrepetit.com\/fr\/regles-de-la-maison\/","title":{"rendered":"R\u00e8gles de la Maison"},"content":{"rendered":"<p><\/p>\n<ul>\n<li>\u2022\tVeuillez respecter et prendre soin de la maison et des meubles.\u00a0<\/li>\n<li>\u2022\tLes animaux domestiques sont les bienvenus, \u00e0 condition qu\u2019ils soient fid\u00e8les \u00e0 leurs ma\u00eetres et qu\u2019ils respectent le mobilier et l\u2019environnement (assurance responsabilit\u00e9 civile). <\/li>\n<li>\u2022\tLe jardin compte \u00e9galement des citronniers et des  orangers; en saison, vous pouvez cueillir tous les citrons et les oranges que vous souhaitez pour cuisiner.\u00a0<\/li>\n<li>\u2022\tSi vous souhaitez b\u00e9n\u00e9ficier d\u2019un service de nettoyage pour les longs s\u00e9jours, il est possible d\u2019en faire la demande (prix\u00a0: 18\u20ac\/heure).<\/li>\n<li>\u2022\tNous aimons recycler nos d\u00e9chets. Vous aussi pouvez le faire. <\/li>\n<li>\u2022\t\u00c0 c\u00f4t\u00e9 de la maison se trouvent quelques jardini\u00e8res avec des plantes, merci de bien vouloir les arroser.<\/li>\n<li>\u2022\tIl est permis de fumer, mais de pr\u00e9f\u00e9rence sur la terrasse, la maison aura ainsi une meilleure odeur\u00a0!\u00a0<\/li>\n<\/ul>\n<p><\/p>","protected":false},"excerpt":{"rendered":"<p>\u2022 Veuillez respecter et prendre soin de la maison et des meubles.\u00a0 \u2022 Les animaux domestiques sont les bienvenus, \u00e0 condition qu\u2019ils soient fid\u00e8les \u00e0 leurs ma\u00eetres et qu\u2019ils respectent le mobilier et l\u2019environnement (assurance responsabilit\u00e9 civile). \u2022 Le jardin compte \u00e9galement des citronniers et des orangers; en saison, vous pouvez cueillir tous les citrons [&hellip;]<\/p>\n","protected":false},"author":1,"featured_media":0,"parent":0,"menu_order":0,"comment_status":"open","ping_status":"open","template":"","meta":{"footnotes":""},"class_list":["post-1487","page","type-page","status-publish","hentry"],"yoast_head":"<!-- This site is optimized with the Yoast SEO plugin v25.6 - https:\/\/yoast.com\/wordpress\/plugins\/seo\/ -->\n<title>R\u00e8gles de la Maison | Son Alegre Petit<\/title>\n<meta name=\"robots\" content=\"index, follow, max-snippet:-1, max-image-preview:large, max-video-preview:-1\" \/>\n<link rel=\"canonical\" href=\"https:\/\/www.sonalegrepetit.com\/house-rules\/\" \/>\n<meta property=\"og:locale\" content=\"fr_FR\" \/>\n<meta property=\"og:type\" content=\"article\" \/>\n<meta property=\"og:title\" content=\"R\u00e8gles de la Maison | Son Alegre Petit\" \/>\n<meta property=\"og:description\" content=\"\u2022 Veuillez respecter et prendre soin de la maison et des meubles.\u00a0 \u2022 Les animaux domestiques sont les bienvenus, \u00e0 condition qu\u2019ils soient fid\u00e8les \u00e0 leurs ma\u00eetres et qu\u2019ils respectent le mobilier et l\u2019environnement (assurance responsabilit\u00e9 civile). \u2022 Le jardin compte \u00e9galement des citronniers et des orangers; en saison, vous pouvez cueillir tous les citrons [&hellip;]\" \/>\n<meta property=\"og:url\" content=\"https:\/\/www.sonalegrepetit.com\/house-rules\/\" \/>\n<meta property=\"og:site_name\" content=\"Son Alegre Petit\" \/>\n<meta property=\"article:modified_time\" content=\"2016-03-21T17:35:53+00:00\" \/>\n<meta name=\"twitter:card\" content=\"summary_large_image\" \/>\n<meta name=\"twitter:label1\" content=\"Dur\u00e9e de lecture estim\u00e9e\" \/>\n\t<meta name=\"twitter:data1\" content=\"3 minutes\" \/>\n<script type=\"application\/ld+json\" class=\"yoast-schema-graph\">{\"@context\":\"https:\/\/schema.org\",\"@graph\":[{\"@type\":\"WebPage\",\"@id\":\"https:\/\/www.sonalegrepetit.com\/house-rules\/\",\"url\":\"https:\/\/www.sonalegrepetit.com\/house-rules\/\",\"name\":\"R\u00e8gles de la Maison | Son Alegre Petit\",\"isPartOf\":{\"@id\":\"https:\/\/www.sonalegrepetit.com\/#website\"},\"datePublished\":\"2014-04-10T11:44:08+00:00\",\"dateModified\":\"2016-03-21T17:35:53+00:00\",\"breadcrumb\":{\"@id\":\"https:\/\/www.sonalegrepetit.com\/house-rules\/#breadcrumb\"},\"inLanguage\":\"fr-FR\",\"potentialAction\":[{\"@type\":\"ReadAction\",\"target\":[\"https:\/\/www.sonalegrepetit.com\/house-rules\/\"]}]},{\"@type\":\"BreadcrumbList\",\"@id\":\"https:\/\/www.sonalegrepetit.com\/house-rules\/#breadcrumb\",\"itemListElement\":[{\"@type\":\"ListItem\",\"position\":1,\"name\":\"Accueil\",\"item\":\"http:\/\/www.sonalegrepetit.com\/\"},{\"@type\":\"ListItem\",\"position\":2,\"name\":\"House Rules\"}]},{\"@type\":\"WebSite\",\"@id\":\"https:\/\/www.sonalegrepetit.com\/#website\",\"url\":\"https:\/\/www.sonalegrepetit.com\/\",\"name\":\"Son Alegre Petit\",\"description\":\"Your Holiday Home in Mallorca\",\"potentialAction\":[{\"@type\":\"SearchAction\",\"target\":{\"@type\":\"EntryPoint\",\"urlTemplate\":\"https:\/\/www.sonalegrepetit.com\/?s={search_term_string}\"},\"query-input\":{\"@type\":\"PropertyValueSpecification\",\"valueRequired\":true,\"valueName\":\"search_term_string\"}}],\"inLanguage\":\"fr-FR\"}]}<\/script>\n<!-- \/ Yoast SEO plugin. -->","yoast_head_json":{"title":"R\u00e8gles de la Maison | Son Alegre Petit","robots":{"index":"index","follow":"follow","max-snippet":"max-snippet:-1","max-image-preview":"max-image-preview:large","max-video-preview":"max-video-preview:-1"},"canonical":"https:\/\/www.sonalegrepetit.com\/house-rules\/","og_locale":"fr_FR","og_type":"article","og_title":"R\u00e8gles de la Maison | Son Alegre Petit","og_description":"\u2022 Veuillez respecter et prendre soin de la maison et des meubles.\u00a0 \u2022 Les animaux domestiques sont les bienvenus, \u00e0 condition qu\u2019ils soient fid\u00e8les \u00e0 leurs ma\u00eetres et qu\u2019ils respectent le mobilier et l\u2019environnement (assurance responsabilit\u00e9 civile). \u2022 Le jardin compte \u00e9galement des citronniers et des orangers; en saison, vous pouvez cueillir tous les citrons [&hellip;]","og_url":"https:\/\/www.sonalegrepetit.com\/house-rules\/","og_site_name":"Son Alegre Petit","article_modified_time":"2016-03-21T17:35:53+00:00","twitter_card":"summary_large_image","twitter_misc":{"Dur\u00e9e de lecture estim\u00e9e":"3 minutes"},"schema":{"@context":"https:\/\/schema.org","@graph":[{"@type":"WebPage","@id":"https:\/\/www.sonalegrepetit.com\/house-rules\/","url":"https:\/\/www.sonalegrepetit.com\/house-rules\/","name":"R\u00e8gles de la Maison | Son Alegre Petit","isPartOf":{"@id":"https:\/\/www.sonalegrepetit.com\/#website"},"datePublished":"2014-04-10T11:44:08+00:00","dateModified":"2016-03-21T17:35:53+00:00","breadcrumb":{"@id":"https:\/\/www.sonalegrepetit.com\/house-rules\/#breadcrumb"},"inLanguage":"fr-FR","potentialAction":[{"@type":"ReadAction","target":["https:\/\/www.sonalegrepetit.com\/house-rules\/"]}]},{"@type":"BreadcrumbList","@id":"https:\/\/www.sonalegrepetit.com\/house-rules\/#breadcrumb","itemListElement":[{"@type":"ListItem","position":1,"name":"Accueil","item":"http:\/\/www.sonalegrepetit.com\/"},{"@type":"ListItem","position":2,"name":"House Rules"}]},{"@type":"WebSite","@id":"https:\/\/www.sonalegrepetit.com\/#website","url":"https:\/\/www.sonalegrepetit.com\/","name":"Son Alegre Petit","description":"Your Holiday Home in Mallorca","potentialAction":[{"@type":"SearchAction","target":{"@type":"EntryPoint","urlTemplate":"https:\/\/www.sonalegrepetit.com\/?s={search_term_string}"},"query-input":{"@type":"PropertyValueSpecification","valueRequired":true,"valueName":"search_term_string"}}],"inLanguage":"fr-FR"}]}},"_links":{"self":[{"href":"https:\/\/www.sonalegrepetit.com\/fr\/wp-json\/wp\/v2\/pages\/1487"}],"collection":[{"href":"https:\/\/www.sonalegrepetit.com\/fr\/wp-json\/wp\/v2\/pages"}],"about":[{"href":"https:\/\/www.sonalegrepetit.com\/fr\/wp-json\/wp\/v2\/types\/page"}],"author":[{"embeddable":true,"href":"https:\/\/www.sonalegrepetit.com\/fr\/wp-json\/wp\/v2\/users\/1"}],"replies":[{"embeddable":true,"href":"https:\/\/www.sonalegrepetit.com\/fr\/wp-json\/wp\/v2\/comments?post=1487"}],"version-history":[{"count":6,"href":"https:\/\/www.sonalegrepetit.com\/fr\/wp-json\/wp\/v2\/pages\/1487\/revisions"}],"predecessor-version":[{"id":2090,"href":"https:\/\/www.sonalegrepetit.com\/fr\/wp-json\/wp\/v2\/pages\/1487\/revisions\/2090"}],"wp:attachment":[{"href":"https:\/\/www.sonalegrepetit.com\/fr\/wp-json\/wp\/v2\/media?parent=1487"}],"curies":[{"name":"wp","href":"https:\/\/api.w.org\/{rel}","templated":true}]}}