{"id":1484,"date":"2014-04-10T11:41:26","date_gmt":"2014-04-10T11:41:26","guid":{"rendered":"http:\/\/iiinnnttteeerrrnnneeettt.com\/?page_id=1484"},"modified":"2016-04-06T17:58:28","modified_gmt":"2016-04-06T16:58:28","slug":"caracteristicas","status":"publish","type":"page","link":"https:\/\/www.sonalegrepetit.com\/fr\/caracteristiques\/","title":{"rendered":"Caract\u00e9ristiques"},"content":{"rendered":"<p><\/p>\n<ul>\n<li>\u2022\t4 personnes maximum. <\/li>\n<li>\u2022\t2 chambres doubles : spacieuse chambre principale avec 2 lits et mezzanine avec 2 lits individuels, id\u00e9al pour les enfants.\n<li>\u2022\t2 salles de bain attenantes aux chambres.<\/li>\n<li>\u2022\tDimensions des lits 2&#215;1<\/li>\n<li>\u2022\tCuisine enti\u00e8rement \u00e9quip\u00e9e (lave-linge, lave-vaisselle, cafeti\u00e8re, grille-pain, r\u00e9frig\u00e9rateur, ustensiles de cuisine) et dot\u00e9e d\u2019un po\u00eale \u00e0 bois id\u00e9ale pour les journ\u00e9es d\u2019hiver. <\/li>\n<li>\u2022\tSpacieux salon-salle \u00e0 manger (TV)<\/li>\n<li>\u2022\tLa maison est enti\u00e8rement \u00e9quip\u00e9e de chauffage \u00e9lectrique et de climatisation. <\/li>\n<li>\u2022\tPiscine et grand jardin, am\u00e9nag\u00e9 pour profiter du soleil et de l\u2019ombre sous les arbres qui l\u2019entourent. <\/li>\n<li>\u2022\tBarbecue.<\/li>\n<li>\u2022\tWifi<\/li>\n<\/ul>\n<p><div class=\"gallery-photoswipe slider-type-a slider-content-first-container\" data-autoplay=\"5000\"><a class=\"slider-content-button-left\" href=\"#\"><\/a><a class=\"slider-content-button-right\" href=\"#\"><\/a><div class=\"slider-content-button-left-disabled\"><\/div><div class=\"slider-content-button-right-disabled\"><\/div><div class=\"slider-content-second-container\"><div class=\"slider-content-third-container\"><\/div><\/div><\/div><\/p>","protected":false},"excerpt":{"rendered":"<p>\u2022 4 personnes maximum. \u2022 2 chambres doubles : spacieuse chambre principale avec 2 lits et mezzanine avec 2 lits individuels, id\u00e9al pour les enfants. \u2022 2 salles de bain attenantes aux chambres. \u2022 Dimensions des lits 2&#215;1 \u2022 Cuisine enti\u00e8rement \u00e9quip\u00e9e (lave-linge, lave-vaisselle, cafeti\u00e8re, grille-pain, r\u00e9frig\u00e9rateur, ustensiles de cuisine) et dot\u00e9e d\u2019un po\u00eale \u00e0 [&hellip;]<\/p>\n","protected":false},"author":1,"featured_media":0,"parent":0,"menu_order":0,"comment_status":"open","ping_status":"open","template":"","meta":{"footnotes":""},"class_list":["post-1484","page","type-page","status-publish","hentry"],"yoast_head":"<!-- This site is optimized with the Yoast SEO plugin v25.6 - https:\/\/yoast.com\/wordpress\/plugins\/seo\/ -->\n<title>Caract\u00e9ristiques | Son Alegre Petit<\/title>\n<meta name=\"robots\" content=\"index, follow, max-snippet:-1, max-image-preview:large, max-video-preview:-1\" \/>\n<link rel=\"canonical\" href=\"https:\/\/www.sonalegrepetit.com\/characteristics\/\" \/>\n<meta property=\"og:locale\" content=\"fr_FR\" \/>\n<meta property=\"og:type\" content=\"article\" \/>\n<meta property=\"og:title\" content=\"Caract\u00e9ristiques | Son Alegre Petit\" \/>\n<meta property=\"og:description\" content=\"\u2022 4 personnes maximum. \u2022 2 chambres doubles : spacieuse chambre principale avec 2 lits et mezzanine avec 2 lits individuels, id\u00e9al pour les enfants. \u2022 2 salles de bain attenantes aux chambres. \u2022 Dimensions des lits 2&#215;1 \u2022 Cuisine enti\u00e8rement \u00e9quip\u00e9e (lave-linge, lave-vaisselle, cafeti\u00e8re, grille-pain, r\u00e9frig\u00e9rateur, ustensiles de cuisine) et dot\u00e9e d\u2019un po\u00eale \u00e0 [&hellip;]\" \/>\n<meta property=\"og:url\" content=\"https:\/\/www.sonalegrepetit.com\/characteristics\/\" \/>\n<meta property=\"og:site_name\" content=\"Son Alegre Petit\" \/>\n<meta property=\"article:modified_time\" content=\"2016-04-06T16:58:28+00:00\" \/>\n<meta name=\"twitter:card\" content=\"summary_large_image\" \/>\n<meta name=\"twitter:label1\" content=\"Dur\u00e9e de lecture estim\u00e9e\" \/>\n\t<meta name=\"twitter:data1\" content=\"3 minutes\" \/>\n<script type=\"application\/ld+json\" class=\"yoast-schema-graph\">{\"@context\":\"https:\/\/schema.org\",\"@graph\":[{\"@type\":\"WebPage\",\"@id\":\"https:\/\/www.sonalegrepetit.com\/characteristics\/\",\"url\":\"https:\/\/www.sonalegrepetit.com\/characteristics\/\",\"name\":\"Caract\u00e9ristiques | Son Alegre Petit\",\"isPartOf\":{\"@id\":\"https:\/\/www.sonalegrepetit.com\/#website\"},\"datePublished\":\"2014-04-10T11:41:26+00:00\",\"dateModified\":\"2016-04-06T16:58:28+00:00\",\"breadcrumb\":{\"@id\":\"https:\/\/www.sonalegrepetit.com\/characteristics\/#breadcrumb\"},\"inLanguage\":\"fr-FR\",\"potentialAction\":[{\"@type\":\"ReadAction\",\"target\":[\"https:\/\/www.sonalegrepetit.com\/characteristics\/\"]}]},{\"@type\":\"BreadcrumbList\",\"@id\":\"https:\/\/www.sonalegrepetit.com\/characteristics\/#breadcrumb\",\"itemListElement\":[{\"@type\":\"ListItem\",\"position\":1,\"name\":\"Accueil\",\"item\":\"http:\/\/www.sonalegrepetit.com\/\"},{\"@type\":\"ListItem\",\"position\":2,\"name\":\"Characteristics\"}]},{\"@type\":\"WebSite\",\"@id\":\"https:\/\/www.sonalegrepetit.com\/#website\",\"url\":\"https:\/\/www.sonalegrepetit.com\/\",\"name\":\"Son Alegre Petit\",\"description\":\"Your Holiday Home in Mallorca\",\"potentialAction\":[{\"@type\":\"SearchAction\",\"target\":{\"@type\":\"EntryPoint\",\"urlTemplate\":\"https:\/\/www.sonalegrepetit.com\/?s={search_term_string}\"},\"query-input\":{\"@type\":\"PropertyValueSpecification\",\"valueRequired\":true,\"valueName\":\"search_term_string\"}}],\"inLanguage\":\"fr-FR\"}]}<\/script>\n<!-- \/ Yoast SEO plugin. -->","yoast_head_json":{"title":"Caract\u00e9ristiques | Son Alegre Petit","robots":{"index":"index","follow":"follow","max-snippet":"max-snippet:-1","max-image-preview":"max-image-preview:large","max-video-preview":"max-video-preview:-1"},"canonical":"https:\/\/www.sonalegrepetit.com\/characteristics\/","og_locale":"fr_FR","og_type":"article","og_title":"Caract\u00e9ristiques | Son Alegre Petit","og_description":"\u2022 4 personnes maximum. \u2022 2 chambres doubles : spacieuse chambre principale avec 2 lits et mezzanine avec 2 lits individuels, id\u00e9al pour les enfants. \u2022 2 salles de bain attenantes aux chambres. \u2022 Dimensions des lits 2&#215;1 \u2022 Cuisine enti\u00e8rement \u00e9quip\u00e9e (lave-linge, lave-vaisselle, cafeti\u00e8re, grille-pain, r\u00e9frig\u00e9rateur, ustensiles de cuisine) et dot\u00e9e d\u2019un po\u00eale \u00e0 [&hellip;]","og_url":"https:\/\/www.sonalegrepetit.com\/characteristics\/","og_site_name":"Son Alegre Petit","article_modified_time":"2016-04-06T16:58:28+00:00","twitter_card":"summary_large_image","twitter_misc":{"Dur\u00e9e de lecture estim\u00e9e":"3 minutes"},"schema":{"@context":"https:\/\/schema.org","@graph":[{"@type":"WebPage","@id":"https:\/\/www.sonalegrepetit.com\/characteristics\/","url":"https:\/\/www.sonalegrepetit.com\/characteristics\/","name":"Caract\u00e9ristiques | Son Alegre Petit","isPartOf":{"@id":"https:\/\/www.sonalegrepetit.com\/#website"},"datePublished":"2014-04-10T11:41:26+00:00","dateModified":"2016-04-06T16:58:28+00:00","breadcrumb":{"@id":"https:\/\/www.sonalegrepetit.com\/characteristics\/#breadcrumb"},"inLanguage":"fr-FR","potentialAction":[{"@type":"ReadAction","target":["https:\/\/www.sonalegrepetit.com\/characteristics\/"]}]},{"@type":"BreadcrumbList","@id":"https:\/\/www.sonalegrepetit.com\/characteristics\/#breadcrumb","itemListElement":[{"@type":"ListItem","position":1,"name":"Accueil","item":"http:\/\/www.sonalegrepetit.com\/"},{"@type":"ListItem","position":2,"name":"Characteristics"}]},{"@type":"WebSite","@id":"https:\/\/www.sonalegrepetit.com\/#website","url":"https:\/\/www.sonalegrepetit.com\/","name":"Son Alegre Petit","description":"Your Holiday Home in Mallorca","potentialAction":[{"@type":"SearchAction","target":{"@type":"EntryPoint","urlTemplate":"https:\/\/www.sonalegrepetit.com\/?s={search_term_string}"},"query-input":{"@type":"PropertyValueSpecification","valueRequired":true,"valueName":"search_term_string"}}],"inLanguage":"fr-FR"}]}},"_links":{"self":[{"href":"https:\/\/www.sonalegrepetit.com\/fr\/wp-json\/wp\/v2\/pages\/1484"}],"collection":[{"href":"https:\/\/www.sonalegrepetit.com\/fr\/wp-json\/wp\/v2\/pages"}],"about":[{"href":"https:\/\/www.sonalegrepetit.com\/fr\/wp-json\/wp\/v2\/types\/page"}],"author":[{"embeddable":true,"href":"https:\/\/www.sonalegrepetit.com\/fr\/wp-json\/wp\/v2\/users\/1"}],"replies":[{"embeddable":true,"href":"https:\/\/www.sonalegrepetit.com\/fr\/wp-json\/wp\/v2\/comments?post=1484"}],"version-history":[{"count":26,"href":"https:\/\/www.sonalegrepetit.com\/fr\/wp-json\/wp\/v2\/pages\/1484\/revisions"}],"predecessor-version":[{"id":2157,"href":"https:\/\/www.sonalegrepetit.com\/fr\/wp-json\/wp\/v2\/pages\/1484\/revisions\/2157"}],"wp:attachment":[{"href":"https:\/\/www.sonalegrepetit.com\/fr\/wp-json\/wp\/v2\/media?parent=1484"}],"curies":[{"name":"wp","href":"https:\/\/api.w.org\/{rel}","templated":true}]}}