{"id":97,"date":"2013-03-27T23:56:11","date_gmt":"2013-03-27T23:56:11","guid":{"rendered":"http:\/\/127.0.0.1\/wordpress\/?page_id=4"},"modified":"2024-08-01T08:46:18","modified_gmt":"2024-08-01T07:46:18","slug":"son-alegre-petit-holiday-home-mallorca","status":"publish","type":"page","link":"https:\/\/www.sonalegrepetit.com\/es\/","title":{"rendered":"Son Alegre Petit: casa para alquilar en Mallorca"},"content":{"rendered":"<p><strong>Son Alegre Petit<\/strong>, casa para alquilar en Mallorca, recuerda uno de aquellos \u201clocus amoenus\u201d que describ\u00edan los poetas cl\u00e1sicos: un lugar id\u00edlico, situado en una naturaleza amable, lejos del ruido y del bullicio de la ciudad y de las costas. Es la Mallorca interior, aut\u00e9ntica, delicada, bella, tranquila&#8230; un lugar cerca de las cosas esenciales y sencillas, donde es posible todav\u00eda sentir el latido de la vida. Un peque\u00f1o para\u00edso.<\/p>\n<hr\/>\n<h2>Caracter\u00edsticas de la casa para alquilar en Mallorca<\/h2>\n<p><div class=\"gallery-photoswipe slider-type-a slider-content-first-container\" data-autoplay=\"5000\"><a class=\"slider-content-button-left\" href=\"#\"><\/a><a class=\"slider-content-button-right\" href=\"#\"><\/a><div class=\"slider-content-button-left-disabled\"><\/div><div class=\"slider-content-button-right-disabled\"><\/div><div class=\"slider-content-second-container\"><div class=\"slider-content-third-container\"><div class=\"slider-content-slide one-third column \"><p class=\"scale-with-grid\"><a href=\"https:\/\/www.sonalegrepetit.com\/es\/casa-alquiler-mallorca\/son-alegre-es-una-tipica-casa-de-campo-mallorquina\/\"><img decoding=\"async\" src=\"https:\/\/www.sonalegrepetit.com\/wp-content\/uploads\/2014\/03\/sonalegre-slider-home-930x300.jpg\" alt=\"\" \/><\/a><\/p><h3><a href=\"https:\/\/www.sonalegrepetit.com\/es\/casa-alquiler-mallorca\/son-alegre-es-una-tipica-casa-de-campo-mallorquina\/\">Son Alegre es una t\u00edpica casa de campo mallorquina<\/a><\/h3><p>Son Alegre es una t\u00edpica casa de campo mallorquina. Fue construida por nuestra familia en el a\u00f1o 1888 como peque\u00f1a casa auxiliar para hacer las labores del campo, especialmente durante el verano. La hemos restaurado y ampliado manteniendo la esencia de la construcci\u00f3n original. La cocina, el comedor y la sala de estar mantienen parte [&hellip;]<\/p><p class=\"slider-content-slide-button\"><a href=\"https:\/\/www.sonalegrepetit.com\/es\/casa-alquiler-mallorca\/son-alegre-es-una-tipica-casa-de-campo-mallorquina\/\" class=\"palace-button\" rel=\"bookmark\">Leer m\u00e1s sobre<\/a><\/p><\/div><div class=\"slider-content-slide one-third column \"><p class=\"scale-with-grid\"><a href=\"https:\/\/www.sonalegrepetit.com\/es\/casa-alquiler-mallorca\/casa-con-piscina-para-alquilar-mallorca\/\"><img decoding=\"async\" src=\"https:\/\/www.sonalegrepetit.com\/wp-content\/uploads\/2014\/11\/w1-_262aa-selec-DSC_5314-copia-930x300.jpg\" alt=\"\" \/><\/a><\/p><h3><a href=\"https:\/\/www.sonalegrepetit.com\/es\/casa-alquiler-mallorca\/casa-con-piscina-para-alquilar-mallorca\/\">Casa con piscina para alquilar en Mallorca<\/a><\/h3><p>Son Alegre Petit es una casa de interor con piscina para alquilar en Mallorca. Cuenta con una encantadora piscina y un gran espacio de jard\u00edn, acondicionado para disfrutar del sol y de la sombra bajo los \u00e1rboles que la rodean.<\/p><p class=\"slider-content-slide-button\"><a href=\"https:\/\/www.sonalegrepetit.com\/es\/casa-alquiler-mallorca\/casa-con-piscina-para-alquilar-mallorca\/\" class=\"palace-button\" rel=\"bookmark\">Leer m\u00e1s sobre<\/a><\/p><\/div><\/div><\/div><\/div><\/p>","protected":false},"excerpt":{"rendered":"<p>Son Alegre Petit, casa para alquilar en Mallorca, recuerda uno de aquellos \u201clocus amoenus\u201d que describ\u00edan los poetas cl\u00e1sicos: un lugar id\u00edlico, situado en una naturaleza amable, lejos del ruido y del bullicio de la ciudad y de las costas. Es la Mallorca interior, aut\u00e9ntica, delicada, bella, tranquila&#8230; un lugar cerca de las cosas esenciales [&hellip;]<\/p>\n","protected":false},"author":1,"featured_media":0,"parent":0,"menu_order":0,"comment_status":"open","ping_status":"open","template":"","meta":{"footnotes":""},"class_list":["post-97","page","type-page","status-publish","hentry"],"yoast_head":"<!-- This site is optimized with the Yoast SEO plugin v25.6 - https:\/\/yoast.com\/wordpress\/plugins\/seo\/ -->\n<title>Son Alegre Petit: Your Holiday Home in Mallorca<\/title>\n<meta name=\"description\" content=\"Casa para alquilar en Mallorca, con piscina y mucho encanto, situada en un entorno rural a las afueras de Santa Margalida, un peque\u00f1o para\u00edso.\" \/>\n<meta name=\"robots\" content=\"index, follow, max-snippet:-1, max-image-preview:large, max-video-preview:-1\" \/>\n<link rel=\"canonical\" href=\"http:\/\/www.sonalegrepetit.com\/\" \/>\n<meta property=\"og:locale\" content=\"es_ES\" \/>\n<meta property=\"og:type\" content=\"article\" \/>\n<meta property=\"og:title\" content=\"Son Alegre Petit: Your Holiday Home in Mallorca\" \/>\n<meta property=\"og:description\" content=\"Casa para alquilar en Mallorca, con piscina y mucho encanto, situada en un entorno rural a las afueras de Santa Margalida, un peque\u00f1o para\u00edso.\" \/>\n<meta property=\"og:url\" content=\"http:\/\/www.sonalegrepetit.com\/\" \/>\n<meta property=\"og:site_name\" content=\"Son Alegre Petit\" \/>\n<meta property=\"article:modified_time\" content=\"2024-08-01T07:46:18+00:00\" \/>\n<meta name=\"twitter:card\" content=\"summary_large_image\" \/>\n<meta name=\"twitter:label1\" content=\"Tiempo de lectura\" \/>\n\t<meta name=\"twitter:data1\" content=\"1 minuto\" \/>\n<script type=\"application\/ld+json\" class=\"yoast-schema-graph\">{\"@context\":\"https:\/\/schema.org\",\"@graph\":[{\"@type\":\"WebPage\",\"@id\":\"http:\/\/www.sonalegrepetit.com\/\",\"url\":\"http:\/\/www.sonalegrepetit.com\/\",\"name\":\"Son Alegre Petit: Your Holiday Home in Mallorca\",\"isPartOf\":{\"@id\":\"https:\/\/www.sonalegrepetit.com\/#website\"},\"datePublished\":\"2013-03-27T23:56:11+00:00\",\"dateModified\":\"2024-08-01T07:46:18+00:00\",\"description\":\"Casa para alquilar en Mallorca, con piscina y mucho encanto, situada en un entorno rural a las afueras de Santa Margalida, un peque\u00f1o para\u00edso.\",\"breadcrumb\":{\"@id\":\"http:\/\/www.sonalegrepetit.com\/#breadcrumb\"},\"inLanguage\":\"es\",\"potentialAction\":[{\"@type\":\"ReadAction\",\"target\":[\"http:\/\/www.sonalegrepetit.com\/\"]}]},{\"@type\":\"BreadcrumbList\",\"@id\":\"http:\/\/www.sonalegrepetit.com\/#breadcrumb\",\"itemListElement\":[{\"@type\":\"ListItem\",\"position\":1,\"name\":\"Portada\",\"item\":\"http:\/\/www.sonalegrepetit.com\/\"},{\"@type\":\"ListItem\",\"position\":2,\"name\":\"Son Alegre Petit: Your Holiday Home in Mallorca\"}]},{\"@type\":\"WebSite\",\"@id\":\"https:\/\/www.sonalegrepetit.com\/#website\",\"url\":\"https:\/\/www.sonalegrepetit.com\/\",\"name\":\"Son Alegre Petit\",\"description\":\"Casa para alquilar en Mallorca\",\"potentialAction\":[{\"@type\":\"SearchAction\",\"target\":{\"@type\":\"EntryPoint\",\"urlTemplate\":\"https:\/\/www.sonalegrepetit.com\/?s={search_term_string}\"},\"query-input\":{\"@type\":\"PropertyValueSpecification\",\"valueRequired\":true,\"valueName\":\"search_term_string\"}}],\"inLanguage\":\"es\"}]}<\/script>\n<!-- \/ Yoast SEO plugin. -->","yoast_head_json":{"title":"Son Alegre Petit: Your Holiday Home in Mallorca","description":"Casa para alquilar en Mallorca, con piscina y mucho encanto, situada en un entorno rural a las afueras de Santa Margalida, un peque\u00f1o para\u00edso.","robots":{"index":"index","follow":"follow","max-snippet":"max-snippet:-1","max-image-preview":"max-image-preview:large","max-video-preview":"max-video-preview:-1"},"canonical":"http:\/\/www.sonalegrepetit.com\/","og_locale":"es_ES","og_type":"article","og_title":"Son Alegre Petit: Your Holiday Home in Mallorca","og_description":"Casa para alquilar en Mallorca, con piscina y mucho encanto, situada en un entorno rural a las afueras de Santa Margalida, un peque\u00f1o para\u00edso.","og_url":"http:\/\/www.sonalegrepetit.com\/","og_site_name":"Son Alegre Petit","article_modified_time":"2024-08-01T07:46:18+00:00","twitter_card":"summary_large_image","twitter_misc":{"Tiempo de lectura":"1 minuto"},"schema":{"@context":"https:\/\/schema.org","@graph":[{"@type":"WebPage","@id":"http:\/\/www.sonalegrepetit.com\/","url":"http:\/\/www.sonalegrepetit.com\/","name":"Son Alegre Petit: Your Holiday Home in Mallorca","isPartOf":{"@id":"https:\/\/www.sonalegrepetit.com\/#website"},"datePublished":"2013-03-27T23:56:11+00:00","dateModified":"2024-08-01T07:46:18+00:00","description":"Casa para alquilar en Mallorca, con piscina y mucho encanto, situada en un entorno rural a las afueras de Santa Margalida, un peque\u00f1o para\u00edso.","breadcrumb":{"@id":"http:\/\/www.sonalegrepetit.com\/#breadcrumb"},"inLanguage":"es","potentialAction":[{"@type":"ReadAction","target":["http:\/\/www.sonalegrepetit.com\/"]}]},{"@type":"BreadcrumbList","@id":"http:\/\/www.sonalegrepetit.com\/#breadcrumb","itemListElement":[{"@type":"ListItem","position":1,"name":"Portada","item":"http:\/\/www.sonalegrepetit.com\/"},{"@type":"ListItem","position":2,"name":"Son Alegre Petit: Your Holiday Home in Mallorca"}]},{"@type":"WebSite","@id":"https:\/\/www.sonalegrepetit.com\/#website","url":"https:\/\/www.sonalegrepetit.com\/","name":"Son Alegre Petit","description":"Casa para alquilar en Mallorca","potentialAction":[{"@type":"SearchAction","target":{"@type":"EntryPoint","urlTemplate":"https:\/\/www.sonalegrepetit.com\/?s={search_term_string}"},"query-input":{"@type":"PropertyValueSpecification","valueRequired":true,"valueName":"search_term_string"}}],"inLanguage":"es"}]}},"_links":{"self":[{"href":"https:\/\/www.sonalegrepetit.com\/es\/wp-json\/wp\/v2\/pages\/97"}],"collection":[{"href":"https:\/\/www.sonalegrepetit.com\/es\/wp-json\/wp\/v2\/pages"}],"about":[{"href":"https:\/\/www.sonalegrepetit.com\/es\/wp-json\/wp\/v2\/types\/page"}],"author":[{"embeddable":true,"href":"https:\/\/www.sonalegrepetit.com\/es\/wp-json\/wp\/v2\/users\/1"}],"replies":[{"embeddable":true,"href":"https:\/\/www.sonalegrepetit.com\/es\/wp-json\/wp\/v2\/comments?post=97"}],"version-history":[{"count":114,"href":"https:\/\/www.sonalegrepetit.com\/es\/wp-json\/wp\/v2\/pages\/97\/revisions"}],"predecessor-version":[{"id":2160,"href":"https:\/\/www.sonalegrepetit.com\/es\/wp-json\/wp\/v2\/pages\/97\/revisions\/2160"}],"wp:attachment":[{"href":"https:\/\/www.sonalegrepetit.com\/es\/wp-json\/wp\/v2\/media?parent=97"}],"curies":[{"name":"wp","href":"https:\/\/api.w.org\/{rel}","templated":true}]}}