{"id":2305,"date":"2018-06-01T13:19:04","date_gmt":"2018-06-01T12:19:04","guid":{"rendered":"http:\/\/www.sonalegrepetit.com\/?page_id=2305"},"modified":"2018-06-01T17:59:19","modified_gmt":"2018-06-01T16:59:19","slug":"aviso-legal","status":"publish","type":"page","link":"https:\/\/www.sonalegrepetit.com\/es\/aviso-legal\/","title":{"rendered":"Aviso legal"},"content":{"rendered":"<p><strong>CONDICIONES DE USO<\/strong><\/p>\n<p>En cumplimiento de la Ley 34\/2002, de 11 de julio, de Servicios de la Sociedad de la Informaci\u00f3n y de Comercio Electr\u00f3nico (LSSI-CE), MIQUEL MOLL RIBAS informa que es titular del sitio web www.sonalegrepetit.com. De acuerdo con la exigencia del art\u00edculo 10 de la citada Ley, MIQUEL MOLL RIBAS informa de los siguientes datos:<\/p>\n<p>El titular de este sitio web es MIQUEL MOLL RIBAS, con NIF 78202815D y domicilio social en LLUNA, 37 07450 SANTA MARGALIDA (ILLES BALEARS). La direcci\u00f3n de correo electr\u00f3nico de contacto con la empresa es: miquelmollribas@gmail.com.<\/p>\n<p><strong>Usuario y r\u00e9gimen de responsabilidades<\/strong><\/p>\n<p>La navegaci\u00f3n, acceso y uso por el sitio web de MIQUEL MOLL RIBAS confiere la condici\u00f3n de usuario, por la que se aceptan, desde la navegaci\u00f3n por el sitio web de MIQUEL MOLL RIBAS, todas las condiciones de uso aqu\u00ed establecidas sin perjuicio de la aplicaci\u00f3n de la correspondiente normativa de obligado cumplimiento legal seg\u00fan el caso.<\/p>\n<p>El sitio web de MIQUEL MOLL RIBAS proporciona gran diversidad de informaci\u00f3n, servicios y datos. El usuario asume su responsabilidad en el uso correcto del sitio web. Esta responsabilidad se extender\u00e1 a:<\/p>\n<ul>\n<li>La veracidad y licitud de las informaciones aportadas por el usuario en los formularios extendidos por MIQUEL MOLL RIBAS para el acceso a ciertos contenidos o servicios ofrecidos por el web.<\/li>\n<li>El uso de la informaci\u00f3n, servicios y datos ofrecidos por MIQUEL MOLL RIBAS contrariamente a lo dispuesto por las presentes condiciones, la Ley, la moral, las buenas costumbres o el orden p\u00fablico, o que de cualquier otro modo puedan suponer lesi\u00f3n de los derechos de terceros o del mismo funcionamiento del sitio web.<\/li>\n<\/ul>\n<p><strong>Pol\u00edtica de enlaces y exenciones de responsabilidad<\/strong><\/p>\n<p>MIQUEL MOLL RIBAS no se hace responsable del contenido de los sitios web a los que el usuario pueda acceder a trav\u00e9s de los enlaces establecidos en su sitio web y declara que en ning\u00fan caso proceder\u00e1 a examinar o ejercitar ning\u00fan tipo de control sobre el contenido de otros sitios de la red. Asimismo, tampoco garantizar\u00e1 la disponibilidad t\u00e9cnica, exactitud, veracidad, validez o legalidad de sitios ajenos a su propiedad a los que se pueda acceder por medio de los enlaces.<\/p>\n<p>MIQUEL MOLL RIBAS declara haber adoptado todas las medidas necesarias para evitar cualquier da\u00f1o a los usuarios de su sitio web, que pudieran derivarse de la navegaci\u00f3n por su sitio web. En consecuencia, MIQUEL MOLL RIBAS no se hace responsable, en ning\u00fan caso, de los eventuales da\u00f1os que por la navegaci\u00f3n por Internet pudiera sufrir el usuario.<\/p>\n<p><strong>Modificaciones<\/strong><\/p>\n<p>MIQUEL MOLL RIBAS se reserva el derecho a realizar las modificaciones que considere oportunas, sin aviso previo, en el contenido de su sitio web. Tanto en lo referente a los contenidos del sitio web, como en las condiciones de uso del mismo. Dichas modificaciones podr\u00e1n realizarse a trav\u00e9s de su sitio web por cualquier forma admisible en derecho y ser\u00e1n de obligado cumplimiento durante el tiempo en que se encuentren publicadas en la web y hasta que no sean modificadas v\u00e1lidamente por otras posteriores.<\/p>\n<p><strong> Propiedad intelectual e industrial<\/strong><\/p>\n<p>MIQUEL MOLL RIBAS por s\u00ed misma o como cesionaria, es titular de todos los derechos de propiedad intelectual e industrial de su p\u00e1gina web, as\u00ed como de los elementos contenidos en la misma (a t\u00edtulo enunciativo, im\u00e1genes, sonido, audio, v\u00eddeo, software o textos; marcas o logotipos, combinaciones de colores, estructura y dise\u00f1o, selecci\u00f3n de materiales usados, programas de ordenador necesarios para su funcionamiento, acceso y uso, etc.), titularidad de MIQUEL MOLL RIBAS. Ser\u00e1n, por consiguiente, obras protegidas como propiedad intelectual por el ordenamiento jur\u00eddico espa\u00f1ol, si\u00e9ndoles aplicables tanto la normativa espa\u00f1ola y comunitaria en este campo, como los tratados internacionales relativos a la materia y suscritos por Espa\u00f1a.<\/p>\n<p>Todos los derechos reservados. En virtud de lo dispuesto en la Ley de Propiedad Intelectual, quedan expresamente prohibidas la reproducci\u00f3n, la distribuci\u00f3n y la comunicaci\u00f3n p\u00fablica, incluida su modalidad de puesta a disposici\u00f3n, de la totalidad o parte de los contenidos de esta p\u00e1gina web, con fines comerciales, en cualquier soporte y por cualquier medio t\u00e9cnico, sin la autorizaci\u00f3n de MIQUEL MOLL RIBAS.<br \/>\nEl usuario se compromete a respetar los derechos de Propiedad Intelectual e Industrial titularidad de MIQUEL MOLL RIBAS. Podr\u00e1 visualizar los elementos del portal e incluso imprimirlos, copiarlos y almacenarlos en el disco duro de su ordenador o en cualquier otro soporte f\u00edsico siempre y cuando sea, \u00fanica y exclusivamente, para su uso personal y privado. El usuario deber\u00e1 abstenerse de suprimir, alterar, eludir o manipular cualquier dispositivo de protecci\u00f3n o sistema de seguridad que estuviera instalado en las p\u00e1ginas de MIQUEL MOLL RIBAS.<\/p>\n<p><strong>Acciones legales, legislaci\u00f3n aplicable y jurisdicci\u00f3n<\/strong><\/p>\n<p>MIQUEL MOLL RIBAS se reserva, asimismo, la facultad de presentar las acciones civiles o penales que considere oportunas por la utilizaci\u00f3n indebida de su sitio web y contenidos, o por el incumplimiento de las presentes condiciones.<\/p>\n<p>La relaci\u00f3n entre el usuario y el prestador se regir\u00e1 por la normativa vigente y de aplicaci\u00f3n en el territorio espa\u00f1ol. De surgir cualquier controversia las partes podr\u00e1n someter sus conflictos a arbitraje o acudir a la jurisdicci\u00f3n ordinaria cumpliendo con las normas sobre jurisdicci\u00f3n y competencia al respecto. MIQUEL MOLL RIBAS tiene su domicilio en ILLES BALEARS, Espa\u00f1a.<\/p>\n<p><strong>POL\u00cdTICA DE PRIVACIDAD REDES SOCIALES<\/strong><\/p>\n<p>De conformidad con lo establecido en la normativa vigente en Protecci\u00f3n de Datos de Car\u00e1cter Personal (RGPD) y la Ley 34\/2002, de 11 de julio, de Servicios de la Sociedad de la Informaci\u00f3n y de Comercio Electr\u00f3nico (LSSI-CE), MIQUEL MOLL RIBAS informa a los usuarios, que ha procedido a crear un perfil en las Redes Sociales Facebook, Twitter y Google +, con la finalidad principal de publicitar sus productos y servicios.<br \/>\nDatos de MIQUEL MOLL RIBAS: CIF: B57840290 DIRECCI\u00d3N: LLUNA, 37 07450 SANTA MARGALIDA (ILLES BALEARS) CORREO ELECTR\u00d3NICO: miquelmollribas@gmail.com DOMINIO WEB: www.sonalegrepetit.com<\/p>\n<p>El usuario dispone de un perfil en la misma Red Social y ha decidido unirse a la p\u00e1gina creada por MIQUEL MOLL RIBAS, mostrando as\u00ed inter\u00e9s en la informaci\u00f3n que se publicite en la Red. Al unirse a nuestra p\u00e1gina, nos facilita su consentimiento para el tratamiento de aquellos datos personales publicados en su perfil.<\/p>\n<p>El usuario puede acceder en todo momento a las pol\u00edticas de privacidad de la propia Red Social, as\u00ed como configurar su perfil para garantizar su privacidad.<\/p>\n<p>MIQUEL MOLL RIBAS tiene acceso y trata aquella informaci\u00f3n p\u00fablica del usuario, en especial, su nombre de contacto. Estos datos, s\u00f3lo son utilizados dentro de la propia Red Social. No son incorporados a ning\u00fan fichero.<\/p>\n<p>En relaci\u00f3n a los derechos de acceso, rectificaci\u00f3n, cancelaci\u00f3n y oposici\u00f3n, de los que usted dispone y que pueden ser ejercitados ante MIQUEL MOLL RIBAS, de acuerdo con la RGPD, debe tener en cuenta los siguientes matices:<\/p>\n<ul>\n<li>Acceso: Vendr\u00e1 definido por la funcionalidad de la Red Social y la capacidad de acceso a la informaci\u00f3n de los perfiles de los usuarios.<\/li>\n<li>Rectificaci\u00f3n: S\u00f3lo podr\u00e1 satisfacerse en relaci\u00f3n a aquella informaci\u00f3n que se encuentre bajo el control de MIQUEL MOLL RIBAS, por ejemplo, eliminar comentarios publicados en la propia p\u00e1gina. Normalmente, este derecho deber\u00e1 ejercerlo ante la Red Social.<\/li>\n<li>Cancelaci\u00f3n y\/u Oposici\u00f3n: Como en el caso anterior, s\u00f3lo podr\u00e1 satisfacerse en relaci\u00f3n a aquella informaci\u00f3n que se encuentre bajo el control de MIQUEL MOLL RIBAS, por ejemplo, dejar de estar unido al perfil.<\/li>\n<\/ul>\n<p>MIQUEL MOLL RIBAS realizar\u00e1 las siguientes actuaciones: Acceso a la informaci\u00f3n p\u00fablica del perfil. Publicaci\u00f3n en el perfil del usuario de toda aquella informaci\u00f3n ya publicada en la p\u00e1gina de MIQUEL MOLL RIBAS. Enviar mensajes personales e individuales a trav\u00e9s de los canales de la Red Social. Actualizaciones del estado de la p\u00e1gina que se publicar\u00e1n en el perfil del usuario.<br \/>\nEl usuario siempre puede controlar sus conexiones, eliminar los contenidos que dejen de interesarle y restringir con qui\u00e9n comparte sus conexiones, para ello deber\u00e1 acceder a su configuraci\u00f3n de privacidad.<\/p>\n<p><strong>Publicaciones<\/strong><\/p>\n<p>El usuario, una vez unido a la p\u00e1gina de MIQUEL MOLL RIBAS, podr\u00e1 publicar en \u00e9sta \u00faltima comentarios, enlaces, im\u00e1genes o fotograf\u00edas o cualquier otro tipo de contenido multimedia soportado por la Red Social. El usuario, en todos los casos, debe ser el titular de los mismos, gozar de los derechos de autor y de propiedad intelectual o contar con el consentimiento de los terceros afectados. Se proh\u00edbe expresamente cualquier publicaci\u00f3n en la p\u00e1gina, ya sean textos, gr\u00e1ficos, fotograf\u00edas, v\u00eddeos, etc. que atenten o sean susceptibles de atentar contra la moral, la \u00e9tica, el buen gusto o el decoro, y\/o que infrinjan, violen o quebranten los derechos de propiedad intelectual o industrial, el derecho a la imagen o la Ley. En estos casos, MIQUEL MOLL RIBAS se reserva el derecho a retirar de inmediato el contenido, pudiendo solicitar el bloqueo permanente del usuario.<\/p>\n<p>MIQUEL MOLL RIBAS no se har\u00e1 responsable de los contenidos que libremente ha publicado un usuario.<br \/>\nEl usuario debe tener presente que sus publicaciones ser\u00e1n conocidas por los otros usuarios, por lo que \u00e9l mismo es el principal responsable de su privacidad.<br \/>\nLas im\u00e1genes que puedan publicarse en la p\u00e1gina no ser\u00e1n almacenadas en ning\u00fan fichero por parte de MIQUEL MOLL RIBAS, pero s\u00ed que permanecer\u00e1n en la Red Social.<\/p>\n<p><strong>Concursos y promociones<\/strong><\/p>\n<p>MIQUEL MOLL RIBAS se reserva el derecho a realizar concursos y promociones, en los que podr\u00e1 participar el usuario unido a su p\u00e1gina. Las bases de cada uno de ellos, cuando se utilice para ello la plataforma de la Red Social, ser\u00e1n publicadas en la misma. Cumpliendo siempre con la LSSI-CE y con cualquier otra norma que le sea de aplicaci\u00f3n.<\/p>\n<p>La Red Social no patrocina, avala ni administra, de modo alguno, ninguna de nuestras promociones, ni est\u00e1 asociada a ninguna de ellas.<\/p>\n<p><strong>Publicidad<\/strong><\/p>\n<p>MIQUEL MOLL RIBAS utilizar\u00e1 la Red Social para publicitar sus productos y servicios, en todo caso, si decide tratar sus datos de contacto para realizar acciones directas de prospecci\u00f3n comercial, ser\u00e1 siempre, cumpliendo con las exigencias legales de la RGPD y de la LSSI-CE.<\/p>\n<p>No se considerar\u00e1 publicidad el hecho de recomendar a otros usuarios la p\u00e1gina de MIQUEL MOLL RIBAS para que tambi\u00e9n ellos puedan disfrutar de las promociones o estar informados de su actividad.<br \/>\nA continuaci\u00f3n detallamos el enlace a la pol\u00edtica de privacidad de la Red Social:<\/p>\n<ul>\n<li>Facebook: https:\/\/www.facebook.com\/help\/323540651073243\/<\/li>\n<li>Twitter: https:\/\/twitter.com\/privacy<\/li>\n<li>Google +: http:\/\/www.google.com\/intl\/es\/policies\/privacy<\/li>\n<\/ul>\n<p><strong id=\"cookies\">POL\u00cdTICA DE COOKIES<\/strong><\/p>\n<p>Una Cookie es un fichero que se descarga en su ordenador al acceder a determinadas p\u00e1ginas web. Las cookies permiten a una p\u00e1gina web, entre otras cosas, almacenar y recuperar informaci\u00f3n sobre los h\u00e1bitos de navegaci\u00f3n de un usuario o de su equipo y, dependiendo de la informaci\u00f3n que contenga y de la forma en que utilice su equipo, pueden utilizarse para reconocer al usuario.<\/p>\n<p>Las cookies son esenciales para el funcionamiento de internet, aportando innumerables ventajas en la prestaci\u00f3n de servicios interactivos, facilit\u00e1ndole la navegaci\u00f3n y usabilidad de nuestra web.<\/p>\n<p>La informaci\u00f3n que le proporcionamos a continuaci\u00f3n, le ayudar\u00e1 a comprender los diferentes tipos de cookies:<\/p>\n<p><strong>TIPOS DE COOKIES<\/strong><\/p>\n<p>SEG\u00daN LA ENTIDAD QUE LAS GESTIONE<\/p>\n<p>Cookies propias<br \/>\nSon aquellas que se recaban por el propio editor para prestar el servicio solicitado por el usuario.<\/p>\n<p>Cookies de tercero<br \/>\nSon aquellas que son recabadas y gestionadas por un tercero, estas no se pueden considerar propias.<\/p>\n<p>SEG\u00daN EL PLAZO DE TIEMPO QUE PERMANEZCAN ACTIVADAS<\/p>\n<p>Cookies de sesi\u00f3n<br \/>\nRecaban datos mientras el usuario navega por la red con la finalidad de prestar el servicio solicitado.<\/p>\n<p>Cookies persistentes<br \/>\nSe almacenan en el terminal y la informaci\u00f3n obtenida, ser\u00e1 utilizada por el responsable de la cookie con la finalidad de prestar el servicio solicitado.<\/p>\n<p>SEG\u00daN SU FINALIDAD<\/p>\n<p>Cookies t\u00e9cnicas<br \/>\nSon las necesarias para la correcta navegaci\u00f3n por la web.<\/p>\n<p>Cookies de personalizaci\u00f3n<br \/>\nPermiten al usuario las caracter\u00edsticas (idioma) para la navegaci\u00f3n por la website<\/p>\n<p>Cookies de an\u00e1lisis<br \/>\nPermiten al prestador el an\u00e1lisis vinculado a la navegaci\u00f3n realizada por el usuario, con la finalidad de llevar un seguimiento de uso de la p\u00e1gina web, as\u00ed como realizar estad\u00edsticas de los contenidos m\u00e1s visitados, n\u00famero de visitantes, etc.<\/p>\n<p>Cookies publicitarias<br \/>\nPermiten al editor incluir en la web, espacios publicitarios, seg\u00fan el contenido de la propia web.<\/p>\n<p>Seg\u00fan lo dispuesto en el art\u00edculo 22.2 de la Ley 34\/2002, de 11 de julio, de Servicios de la Sociedad de la Informaci\u00f3n y de Comercio Electr\u00f3nico (LSSI-CE), MIQUEL MOLL RIBAS informa de las cookies utilizadas en nuestra website:<\/p>\n<p><img loading=\"lazy\" decoding=\"async\" class=\"aligncenter size-full wp-image-13433\" src=\"http:\/\/www.sonalegrepetit.com\/wp-content\/uploads\/2018\/06\/cookies.png\" alt=\"\" width=\"802\" height=\"433\" \/><\/p>\n<p>Asimismo, MIQUEL MOLL RIBAS informa al usuario de que tiene la posibilidad de configurar su navegador de modo que se le informe de la recepci\u00f3n de cookies, pudiendo, si as\u00ed lo desea, impedir que sean instaladas en su disco duro.<\/p>\n<p>A continuaci\u00f3n le proporcionamos los enlaces de diversos navegadores, a trav\u00e9s de los cuales podr\u00e1 realizar dicha configuraci\u00f3n:<\/p>\n<ul>\n<li>Firefox desde aqu\u00ed: http:\/\/support.mozilla.org\/es\/kb\/habilitar-y-deshabilitar-cookies-que-los-sitios-we<\/li>\n<li>Chrome desde aqu\u00ed: http:\/\/support.google.com\/chrome\/bin\/answer.py?hl=es&amp;answer=95647<\/li>\n<li>Explorer desde aqu\u00ed: http:\/\/windows.microsoft.com\/es-es\/internet-explorer\/delete-manage-cookies#ie=ie-10<\/li>\n<li>Safari desde aqu\u00ed: https:\/\/support.apple.com\/kb\/ph17191?locale=es_ES<\/li>\n<li>Opera desde aqu\u00ed: http:\/\/help.opera.com\/Windows\/11.50\/es-ES\/cookies.html<\/li>\n<\/ul>\n<p><strong id=\"privacidad\">CL\u00c1USULA INFORMATIVA RGPD Y LSSI-CE<\/strong><\/p>\n<p>De conformidad con lo establecido en la normativa vigente en Protecci\u00f3n de Datos de Car\u00e1cter Personal, le informamos que sus datos ser\u00e1n incorporados al sistema de tratamiento titularidad de MIQUEL MOLL RIBAS con NIF 78202815D y domicilio social sito en LLUNA, 37 07450 SANTA MARGALIDA (ILLES BALEARS), con la finalidad de poder atender los compromisos derivados de la relaci\u00f3n que mantenemos con usted. En cumplimiento con la normativa vigente, MIQUEL MOLL RIBAS informa que los datos ser\u00e1n conservados durante el plazo estrictamente necesario para cumplir con los preceptos mencionados con anterioridad.<\/p>\n<p>MIQUEL MOLL RIBAS informa que proceder\u00e1 a tratar los datos de manera l\u00edcita, leal, transparente, adecuada, pertinente, limitada, exacta y actualizada. Es por ello que MIQUEL MOLL RIBAS se compromete a adoptar todas las medidas razonables para que estos se supriman o rectifiquen sin dilaci\u00f3n cuando sean inexactos.<br \/>\nDe acuerdo con los derechos que le confiere el la normativa vigente en protecci\u00f3n de datos podr\u00e1 ejercer los derechos de acceso, rectificaci\u00f3n, limitaci\u00f3n de tratamiento, supresi\u00f3n, portabilidad y oposici\u00f3n al tratamiento de sus datos de car\u00e1cter personal as\u00ed como del consentimiento prestado para el tratamiento de los mismos, dirigiendo su petici\u00f3n a la direcci\u00f3n postal indicada m\u00e1s arriba o al correo electr\u00f3nico miquelmollribas@gmail.com.<\/p>\n<p>Asimismo y de acuerdo con lo establecido en la Ley 34\/2002, de 11 de julio, de Servicios de la Sociedad de la Informaci\u00f3n y de Comercio Electr\u00f3nico, en su art\u00edculo 21, solicitamos tambi\u00e9n su consentimiento expreso para enviarle publicidad de nuestros productos o promociones que consideremos puedan ser de su inter\u00e9s, por correo electr\u00f3nico o por cualquier otro medio de comunicaci\u00f3n electr\u00f3nica equivalente.<\/p>\n<p>Le informamos que podr\u00e1 revocar en cualquier momento el consentimiento prestado a la recepci\u00f3n de comunicaciones comerciales enviando un e-mail a la direcci\u00f3n de correo electr\u00f3nico: miquelmollribas@gmail.com.<br \/>\nNombre y apellidos o Raz\u00f3n social:<br \/>\nDNI o CIF:<br \/>\nFirma del interesado.<\/p>\n","protected":false},"excerpt":{"rendered":"<p>CONDICIONES DE USO En cumplimiento de la Ley 34\/2002, de 11 de julio, de Servicios de la Sociedad de la Informaci\u00f3n y de Comercio Electr\u00f3nico (LSSI-CE), MIQUEL MOLL RIBAS informa que es titular del sitio web www.sonalegrepetit.com. De acuerdo con la exigencia del art\u00edculo 10 de la citada Ley, MIQUEL MOLL RIBAS informa de los [&hellip;]<\/p>\n","protected":false},"author":1,"featured_media":0,"parent":0,"menu_order":0,"comment_status":"closed","ping_status":"closed","template":"","meta":{"footnotes":""},"class_list":["post-2305","page","type-page","status-publish","hentry"],"yoast_head":"<!-- This site is optimized with the Yoast SEO plugin v25.6 - https:\/\/yoast.com\/wordpress\/plugins\/seo\/ -->\n<title>Aviso legal | Son Alegre Petit<\/title>\n<meta name=\"robots\" content=\"index, follow, max-snippet:-1, max-image-preview:large, max-video-preview:-1\" \/>\n<link rel=\"canonical\" href=\"https:\/\/www.sonalegrepetit.com\/legal-information\/\" \/>\n<meta property=\"og:locale\" content=\"es_ES\" \/>\n<meta property=\"og:type\" content=\"article\" \/>\n<meta property=\"og:title\" content=\"Aviso legal | Son Alegre Petit\" \/>\n<meta property=\"og:description\" content=\"CONDICIONES DE USO En cumplimiento de la Ley 34\/2002, de 11 de julio, de Servicios de la Sociedad de la Informaci\u00f3n y de Comercio Electr\u00f3nico (LSSI-CE), MIQUEL MOLL RIBAS informa que es titular del sitio web www.sonalegrepetit.com. De acuerdo con la exigencia del art\u00edculo 10 de la citada Ley, MIQUEL MOLL RIBAS informa de los [&hellip;]\" \/>\n<meta property=\"og:url\" content=\"https:\/\/www.sonalegrepetit.com\/legal-information\/\" \/>\n<meta property=\"og:site_name\" content=\"Son Alegre Petit\" \/>\n<meta property=\"article:modified_time\" content=\"2018-06-01T16:59:19+00:00\" \/>\n<meta property=\"og:image\" content=\"http:\/\/www.sonalegrepetit.com\/wp-content\/uploads\/2018\/06\/cookies.png\" \/>\n<meta name=\"twitter:card\" content=\"summary_large_image\" \/>\n<meta name=\"twitter:label1\" content=\"Tiempo de lectura\" \/>\n\t<meta name=\"twitter:data1\" content=\"13 minutos\" \/>\n<script type=\"application\/ld+json\" class=\"yoast-schema-graph\">{\"@context\":\"https:\/\/schema.org\",\"@graph\":[{\"@type\":\"WebPage\",\"@id\":\"https:\/\/www.sonalegrepetit.com\/legal-information\/\",\"url\":\"https:\/\/www.sonalegrepetit.com\/legal-information\/\",\"name\":\"Aviso legal | Son Alegre Petit\",\"isPartOf\":{\"@id\":\"https:\/\/www.sonalegrepetit.com\/#website\"},\"primaryImageOfPage\":{\"@id\":\"https:\/\/www.sonalegrepetit.com\/legal-information\/#primaryimage\"},\"image\":{\"@id\":\"https:\/\/www.sonalegrepetit.com\/legal-information\/#primaryimage\"},\"thumbnailUrl\":\"http:\/\/www.sonalegrepetit.com\/wp-content\/uploads\/2018\/06\/cookies.png\",\"datePublished\":\"2018-06-01T12:19:04+00:00\",\"dateModified\":\"2018-06-01T16:59:19+00:00\",\"breadcrumb\":{\"@id\":\"https:\/\/www.sonalegrepetit.com\/legal-information\/#breadcrumb\"},\"inLanguage\":\"es\",\"potentialAction\":[{\"@type\":\"ReadAction\",\"target\":[\"https:\/\/www.sonalegrepetit.com\/legal-information\/\"]}]},{\"@type\":\"ImageObject\",\"inLanguage\":\"es\",\"@id\":\"https:\/\/www.sonalegrepetit.com\/legal-information\/#primaryimage\",\"url\":\"http:\/\/www.sonalegrepetit.com\/wp-content\/uploads\/2018\/06\/cookies.png\",\"contentUrl\":\"http:\/\/www.sonalegrepetit.com\/wp-content\/uploads\/2018\/06\/cookies.png\"},{\"@type\":\"BreadcrumbList\",\"@id\":\"https:\/\/www.sonalegrepetit.com\/legal-information\/#breadcrumb\",\"itemListElement\":[{\"@type\":\"ListItem\",\"position\":1,\"name\":\"Portada\",\"item\":\"http:\/\/www.sonalegrepetit.com\/\"},{\"@type\":\"ListItem\",\"position\":2,\"name\":\"Legal information\"}]},{\"@type\":\"WebSite\",\"@id\":\"https:\/\/www.sonalegrepetit.com\/#website\",\"url\":\"https:\/\/www.sonalegrepetit.com\/\",\"name\":\"Son Alegre Petit\",\"description\":\"Casa para alquilar en Mallorca\",\"potentialAction\":[{\"@type\":\"SearchAction\",\"target\":{\"@type\":\"EntryPoint\",\"urlTemplate\":\"https:\/\/www.sonalegrepetit.com\/?s={search_term_string}\"},\"query-input\":{\"@type\":\"PropertyValueSpecification\",\"valueRequired\":true,\"valueName\":\"search_term_string\"}}],\"inLanguage\":\"es\"}]}<\/script>\n<!-- \/ Yoast SEO plugin. -->","yoast_head_json":{"title":"Aviso legal | Son Alegre Petit","robots":{"index":"index","follow":"follow","max-snippet":"max-snippet:-1","max-image-preview":"max-image-preview:large","max-video-preview":"max-video-preview:-1"},"canonical":"https:\/\/www.sonalegrepetit.com\/legal-information\/","og_locale":"es_ES","og_type":"article","og_title":"Aviso legal | Son Alegre Petit","og_description":"CONDICIONES DE USO En cumplimiento de la Ley 34\/2002, de 11 de julio, de Servicios de la Sociedad de la Informaci\u00f3n y de Comercio Electr\u00f3nico (LSSI-CE), MIQUEL MOLL RIBAS informa que es titular del sitio web www.sonalegrepetit.com. De acuerdo con la exigencia del art\u00edculo 10 de la citada Ley, MIQUEL MOLL RIBAS informa de los [&hellip;]","og_url":"https:\/\/www.sonalegrepetit.com\/legal-information\/","og_site_name":"Son Alegre Petit","article_modified_time":"2018-06-01T16:59:19+00:00","og_image":[{"url":"http:\/\/www.sonalegrepetit.com\/wp-content\/uploads\/2018\/06\/cookies.png","type":"","width":"","height":""}],"twitter_card":"summary_large_image","twitter_misc":{"Tiempo de lectura":"13 minutos"},"schema":{"@context":"https:\/\/schema.org","@graph":[{"@type":"WebPage","@id":"https:\/\/www.sonalegrepetit.com\/legal-information\/","url":"https:\/\/www.sonalegrepetit.com\/legal-information\/","name":"Aviso legal | Son Alegre Petit","isPartOf":{"@id":"https:\/\/www.sonalegrepetit.com\/#website"},"primaryImageOfPage":{"@id":"https:\/\/www.sonalegrepetit.com\/legal-information\/#primaryimage"},"image":{"@id":"https:\/\/www.sonalegrepetit.com\/legal-information\/#primaryimage"},"thumbnailUrl":"http:\/\/www.sonalegrepetit.com\/wp-content\/uploads\/2018\/06\/cookies.png","datePublished":"2018-06-01T12:19:04+00:00","dateModified":"2018-06-01T16:59:19+00:00","breadcrumb":{"@id":"https:\/\/www.sonalegrepetit.com\/legal-information\/#breadcrumb"},"inLanguage":"es","potentialAction":[{"@type":"ReadAction","target":["https:\/\/www.sonalegrepetit.com\/legal-information\/"]}]},{"@type":"ImageObject","inLanguage":"es","@id":"https:\/\/www.sonalegrepetit.com\/legal-information\/#primaryimage","url":"http:\/\/www.sonalegrepetit.com\/wp-content\/uploads\/2018\/06\/cookies.png","contentUrl":"http:\/\/www.sonalegrepetit.com\/wp-content\/uploads\/2018\/06\/cookies.png"},{"@type":"BreadcrumbList","@id":"https:\/\/www.sonalegrepetit.com\/legal-information\/#breadcrumb","itemListElement":[{"@type":"ListItem","position":1,"name":"Portada","item":"http:\/\/www.sonalegrepetit.com\/"},{"@type":"ListItem","position":2,"name":"Legal information"}]},{"@type":"WebSite","@id":"https:\/\/www.sonalegrepetit.com\/#website","url":"https:\/\/www.sonalegrepetit.com\/","name":"Son Alegre Petit","description":"Casa para alquilar en Mallorca","potentialAction":[{"@type":"SearchAction","target":{"@type":"EntryPoint","urlTemplate":"https:\/\/www.sonalegrepetit.com\/?s={search_term_string}"},"query-input":{"@type":"PropertyValueSpecification","valueRequired":true,"valueName":"search_term_string"}}],"inLanguage":"es"}]}},"_links":{"self":[{"href":"https:\/\/www.sonalegrepetit.com\/es\/wp-json\/wp\/v2\/pages\/2305"}],"collection":[{"href":"https:\/\/www.sonalegrepetit.com\/es\/wp-json\/wp\/v2\/pages"}],"about":[{"href":"https:\/\/www.sonalegrepetit.com\/es\/wp-json\/wp\/v2\/types\/page"}],"author":[{"embeddable":true,"href":"https:\/\/www.sonalegrepetit.com\/es\/wp-json\/wp\/v2\/users\/1"}],"replies":[{"embeddable":true,"href":"https:\/\/www.sonalegrepetit.com\/es\/wp-json\/wp\/v2\/comments?post=2305"}],"version-history":[{"count":4,"href":"https:\/\/www.sonalegrepetit.com\/es\/wp-json\/wp\/v2\/pages\/2305\/revisions"}],"predecessor-version":[{"id":2313,"href":"https:\/\/www.sonalegrepetit.com\/es\/wp-json\/wp\/v2\/pages\/2305\/revisions\/2313"}],"wp:attachment":[{"href":"https:\/\/www.sonalegrepetit.com\/es\/wp-json\/wp\/v2\/media?parent=2305"}],"curies":[{"name":"wp","href":"https:\/\/api.w.org\/{rel}","templated":true}]}}