{"id":1484,"date":"2014-04-10T11:41:26","date_gmt":"2014-04-10T11:41:26","guid":{"rendered":"http:\/\/iiinnnttteeerrrnnneeettt.com\/?page_id=1484"},"modified":"2016-04-06T17:58:28","modified_gmt":"2016-04-06T16:58:28","slug":"caracteristicas","status":"publish","type":"page","link":"https:\/\/www.sonalegrepetit.com\/es\/caracteristicas\/","title":{"rendered":"Caracter\u00edsticas"},"content":{"rendered":"<p><\/p>\n<ul>\n<li>\u2022 4 personas m\u00e1ximo. <\/li>\n<li>\u2022 2 habitaciones dobles : amplio dormitorio principal, con 2 camas y altillo superior con dos 2 camas individuales, ideal para los ni\u00f1os. <\/li>\n<li>\u2022 2 ba\u00f1os en suite<\/li>\n<li>\u2022 Dimensiones de las camas 2&#215;1<\/li>\n<li>\u2022 Cocina completamente equipada (lavadora, lavavajillas, cafetera, tostadora, nevera, utensilios de cocina) y con una chimenea de le\u00f1a ideal para los d\u00edas de invierno. <\/li>\n<li>\u2022 Amplia sala de estar-comedor (TV)<\/li>\n<li>\u2022 La casa est\u00e1 totalmente equipada con calefacci\u00f3n el\u00e9ctrica y aire acondicionado.<\/li>\n<li>\u2022 Piscina y gran espacio de jard\u00edn, acondicionado para disfrutar del sol y de la sombra bajo los \u00e1rboles que la rodean.<\/li>\n<li>\u2022 Barbacoa<\/li>\n<li>\u2022 Wifi<\/li>\n<\/ul>\n<p><div class=\"gallery-photoswipe slider-type-a slider-content-first-container\" data-autoplay=\"5000\"><a class=\"slider-content-button-left\" href=\"#\"><\/a><a class=\"slider-content-button-right\" href=\"#\"><\/a><div class=\"slider-content-button-left-disabled\"><\/div><div class=\"slider-content-button-right-disabled\"><\/div><div class=\"slider-content-second-container\"><div class=\"slider-content-third-container\"><div class=\"slider-content-slide one-third column \"><p class=\"scale-with-grid\"><a href=\"https:\/\/www.sonalegrepetit.com\/es\/casa-alquiler-mallorca\/son-alegre-es-una-tipica-casa-de-campo-mallorquina\/\"><img decoding=\"async\" src=\"https:\/\/www.sonalegrepetit.com\/wp-content\/uploads\/2014\/03\/sonalegre-slider-home-930x300.jpg\" alt=\"\" \/><\/a><\/p><h3><a href=\"https:\/\/www.sonalegrepetit.com\/es\/casa-alquiler-mallorca\/son-alegre-es-una-tipica-casa-de-campo-mallorquina\/\">Son Alegre es una t\u00edpica casa de campo mallorquina<\/a><\/h3><p>Son Alegre es una t\u00edpica casa de campo mallorquina. Fue construida por nuestra familia en el a\u00f1o 1888 como peque\u00f1a casa auxiliar para hacer las labores del campo, especialmente durante el verano. La hemos restaurado y ampliado manteniendo la esencia de la construcci\u00f3n original. La cocina, el comedor y la sala de estar mantienen parte [&hellip;]<\/p><p class=\"slider-content-slide-button\"><a href=\"https:\/\/www.sonalegrepetit.com\/es\/casa-alquiler-mallorca\/son-alegre-es-una-tipica-casa-de-campo-mallorquina\/\" class=\"palace-button\" rel=\"bookmark\">Leer m\u00e1s sobre<\/a><\/p><\/div><div class=\"slider-content-slide one-third column \"><p class=\"scale-with-grid\"><a href=\"https:\/\/www.sonalegrepetit.com\/es\/casa-alquiler-mallorca\/casa-con-piscina-para-alquilar-mallorca\/\"><img decoding=\"async\" src=\"https:\/\/www.sonalegrepetit.com\/wp-content\/uploads\/2014\/11\/w1-_262aa-selec-DSC_5314-copia-930x300.jpg\" alt=\"\" \/><\/a><\/p><h3><a href=\"https:\/\/www.sonalegrepetit.com\/es\/casa-alquiler-mallorca\/casa-con-piscina-para-alquilar-mallorca\/\">Casa con piscina para alquilar en Mallorca<\/a><\/h3><p>Son Alegre Petit es una casa de interor con piscina para alquilar en Mallorca. Cuenta con una encantadora piscina y un gran espacio de jard\u00edn, acondicionado para disfrutar del sol y de la sombra bajo los \u00e1rboles que la rodean.<\/p><p class=\"slider-content-slide-button\"><a href=\"https:\/\/www.sonalegrepetit.com\/es\/casa-alquiler-mallorca\/casa-con-piscina-para-alquilar-mallorca\/\" class=\"palace-button\" rel=\"bookmark\">Leer m\u00e1s sobre<\/a><\/p><\/div><\/div><\/div><\/div><\/p>","protected":false},"excerpt":{"rendered":"<p>\u2022 4 personas m\u00e1ximo. \u2022 2 habitaciones dobles : amplio dormitorio principal, con 2 camas y altillo superior con dos 2 camas individuales, ideal para los ni\u00f1os. \u2022 2 ba\u00f1os en suite \u2022 Dimensiones de las camas 2&#215;1 \u2022 Cocina completamente equipada (lavadora, lavavajillas, cafetera, tostadora, nevera, utensilios de cocina) y con una chimenea de [&hellip;]<\/p>\n","protected":false},"author":1,"featured_media":0,"parent":0,"menu_order":0,"comment_status":"open","ping_status":"open","template":"","meta":{"footnotes":""},"class_list":["post-1484","page","type-page","status-publish","hentry"],"yoast_head":"<!-- This site is optimized with the Yoast SEO plugin v25.6 - https:\/\/yoast.com\/wordpress\/plugins\/seo\/ -->\n<title>Caracter\u00edsticas | Son Alegre Petit<\/title>\n<meta name=\"robots\" content=\"index, follow, max-snippet:-1, max-image-preview:large, max-video-preview:-1\" \/>\n<link rel=\"canonical\" href=\"https:\/\/www.sonalegrepetit.com\/characteristics\/\" \/>\n<meta property=\"og:locale\" content=\"es_ES\" \/>\n<meta property=\"og:type\" content=\"article\" \/>\n<meta property=\"og:title\" content=\"Caracter\u00edsticas | Son Alegre Petit\" \/>\n<meta property=\"og:description\" content=\"\u2022 4 personas m\u00e1ximo. \u2022 2 habitaciones dobles : amplio dormitorio principal, con 2 camas y altillo superior con dos 2 camas individuales, ideal para los ni\u00f1os. \u2022 2 ba\u00f1os en suite \u2022 Dimensiones de las camas 2&#215;1 \u2022 Cocina completamente equipada (lavadora, lavavajillas, cafetera, tostadora, nevera, utensilios de cocina) y con una chimenea de [&hellip;]\" \/>\n<meta property=\"og:url\" content=\"https:\/\/www.sonalegrepetit.com\/characteristics\/\" \/>\n<meta property=\"og:site_name\" content=\"Son Alegre Petit\" \/>\n<meta property=\"article:modified_time\" content=\"2016-04-06T16:58:28+00:00\" \/>\n<meta name=\"twitter:card\" content=\"summary_large_image\" \/>\n<meta name=\"twitter:label1\" content=\"Tiempo de lectura\" \/>\n\t<meta name=\"twitter:data1\" content=\"3 minutos\" \/>\n<script type=\"application\/ld+json\" class=\"yoast-schema-graph\">{\"@context\":\"https:\/\/schema.org\",\"@graph\":[{\"@type\":\"WebPage\",\"@id\":\"https:\/\/www.sonalegrepetit.com\/characteristics\/\",\"url\":\"https:\/\/www.sonalegrepetit.com\/characteristics\/\",\"name\":\"Caracter\u00edsticas | Son Alegre Petit\",\"isPartOf\":{\"@id\":\"https:\/\/www.sonalegrepetit.com\/#website\"},\"datePublished\":\"2014-04-10T11:41:26+00:00\",\"dateModified\":\"2016-04-06T16:58:28+00:00\",\"breadcrumb\":{\"@id\":\"https:\/\/www.sonalegrepetit.com\/characteristics\/#breadcrumb\"},\"inLanguage\":\"es\",\"potentialAction\":[{\"@type\":\"ReadAction\",\"target\":[\"https:\/\/www.sonalegrepetit.com\/characteristics\/\"]}]},{\"@type\":\"BreadcrumbList\",\"@id\":\"https:\/\/www.sonalegrepetit.com\/characteristics\/#breadcrumb\",\"itemListElement\":[{\"@type\":\"ListItem\",\"position\":1,\"name\":\"Portada\",\"item\":\"http:\/\/www.sonalegrepetit.com\/\"},{\"@type\":\"ListItem\",\"position\":2,\"name\":\"Characteristics\"}]},{\"@type\":\"WebSite\",\"@id\":\"https:\/\/www.sonalegrepetit.com\/#website\",\"url\":\"https:\/\/www.sonalegrepetit.com\/\",\"name\":\"Son Alegre Petit\",\"description\":\"Casa para alquilar en Mallorca\",\"potentialAction\":[{\"@type\":\"SearchAction\",\"target\":{\"@type\":\"EntryPoint\",\"urlTemplate\":\"https:\/\/www.sonalegrepetit.com\/?s={search_term_string}\"},\"query-input\":{\"@type\":\"PropertyValueSpecification\",\"valueRequired\":true,\"valueName\":\"search_term_string\"}}],\"inLanguage\":\"es\"}]}<\/script>\n<!-- \/ Yoast SEO plugin. -->","yoast_head_json":{"title":"Caracter\u00edsticas | Son Alegre Petit","robots":{"index":"index","follow":"follow","max-snippet":"max-snippet:-1","max-image-preview":"max-image-preview:large","max-video-preview":"max-video-preview:-1"},"canonical":"https:\/\/www.sonalegrepetit.com\/characteristics\/","og_locale":"es_ES","og_type":"article","og_title":"Caracter\u00edsticas | Son Alegre Petit","og_description":"\u2022 4 personas m\u00e1ximo. \u2022 2 habitaciones dobles : amplio dormitorio principal, con 2 camas y altillo superior con dos 2 camas individuales, ideal para los ni\u00f1os. \u2022 2 ba\u00f1os en suite \u2022 Dimensiones de las camas 2&#215;1 \u2022 Cocina completamente equipada (lavadora, lavavajillas, cafetera, tostadora, nevera, utensilios de cocina) y con una chimenea de [&hellip;]","og_url":"https:\/\/www.sonalegrepetit.com\/characteristics\/","og_site_name":"Son Alegre Petit","article_modified_time":"2016-04-06T16:58:28+00:00","twitter_card":"summary_large_image","twitter_misc":{"Tiempo de lectura":"3 minutos"},"schema":{"@context":"https:\/\/schema.org","@graph":[{"@type":"WebPage","@id":"https:\/\/www.sonalegrepetit.com\/characteristics\/","url":"https:\/\/www.sonalegrepetit.com\/characteristics\/","name":"Caracter\u00edsticas | Son Alegre Petit","isPartOf":{"@id":"https:\/\/www.sonalegrepetit.com\/#website"},"datePublished":"2014-04-10T11:41:26+00:00","dateModified":"2016-04-06T16:58:28+00:00","breadcrumb":{"@id":"https:\/\/www.sonalegrepetit.com\/characteristics\/#breadcrumb"},"inLanguage":"es","potentialAction":[{"@type":"ReadAction","target":["https:\/\/www.sonalegrepetit.com\/characteristics\/"]}]},{"@type":"BreadcrumbList","@id":"https:\/\/www.sonalegrepetit.com\/characteristics\/#breadcrumb","itemListElement":[{"@type":"ListItem","position":1,"name":"Portada","item":"http:\/\/www.sonalegrepetit.com\/"},{"@type":"ListItem","position":2,"name":"Characteristics"}]},{"@type":"WebSite","@id":"https:\/\/www.sonalegrepetit.com\/#website","url":"https:\/\/www.sonalegrepetit.com\/","name":"Son Alegre Petit","description":"Casa para alquilar en Mallorca","potentialAction":[{"@type":"SearchAction","target":{"@type":"EntryPoint","urlTemplate":"https:\/\/www.sonalegrepetit.com\/?s={search_term_string}"},"query-input":{"@type":"PropertyValueSpecification","valueRequired":true,"valueName":"search_term_string"}}],"inLanguage":"es"}]}},"_links":{"self":[{"href":"https:\/\/www.sonalegrepetit.com\/es\/wp-json\/wp\/v2\/pages\/1484"}],"collection":[{"href":"https:\/\/www.sonalegrepetit.com\/es\/wp-json\/wp\/v2\/pages"}],"about":[{"href":"https:\/\/www.sonalegrepetit.com\/es\/wp-json\/wp\/v2\/types\/page"}],"author":[{"embeddable":true,"href":"https:\/\/www.sonalegrepetit.com\/es\/wp-json\/wp\/v2\/users\/1"}],"replies":[{"embeddable":true,"href":"https:\/\/www.sonalegrepetit.com\/es\/wp-json\/wp\/v2\/comments?post=1484"}],"version-history":[{"count":26,"href":"https:\/\/www.sonalegrepetit.com\/es\/wp-json\/wp\/v2\/pages\/1484\/revisions"}],"predecessor-version":[{"id":2157,"href":"https:\/\/www.sonalegrepetit.com\/es\/wp-json\/wp\/v2\/pages\/1484\/revisions\/2157"}],"wp:attachment":[{"href":"https:\/\/www.sonalegrepetit.com\/es\/wp-json\/wp\/v2\/media?parent=1484"}],"curies":[{"name":"wp","href":"https:\/\/api.w.org\/{rel}","templated":true}]}}