{"id":97,"date":"2013-03-27T23:56:11","date_gmt":"2013-03-27T23:56:11","guid":{"rendered":"http:\/\/127.0.0.1\/wordpress\/?page_id=4"},"modified":"2024-08-01T08:46:18","modified_gmt":"2024-08-01T07:46:18","slug":"son-alegre-petit-holiday-home-mallorca","status":"publish","type":"page","link":"https:\/\/www.sonalegrepetit.com\/de\/","title":{"rendered":"Son Alegre Petit: Your Holiday Home in Mallorca"},"content":{"rendered":"<p>Son Alegre Petit, your <strong>holiday home in Mallorca<\/strong>, recalls one of those \u201clocus amoenus\u201d described by the classical poets: an idyllic place in pleasant natural surroundings, far from the noise and bustle of the city and the coast. It is <strong>inland Mallorca<\/strong>: genuine, delicate, beautiful, peaceful&#8230; a place close to the essential, simple things, where it is still possible to hear the heartbeat of life. A little paradise. <hr\/><\/p>\n<h2>Features of the Holiday Home in Mallorca<\/h2>\n<p><div class=\"gallery-photoswipe slider-type-a slider-content-first-container\" data-autoplay=\"5000\"><a class=\"slider-content-button-left\" href=\"#\"><\/a><a class=\"slider-content-button-right\" href=\"#\"><\/a><div class=\"slider-content-button-left-disabled\"><\/div><div class=\"slider-content-button-right-disabled\"><\/div><div class=\"slider-content-second-container\"><div class=\"slider-content-third-container\"><div class=\"slider-content-slide one-third column \"><p class=\"scale-with-grid\"><a href=\"https:\/\/www.sonalegrepetit.com\/de\/holiday-home-mallorca\/son-alegre-ist-ein-typisches-mallorquinisches-landhaus\/\"><img decoding=\"async\" src=\"https:\/\/www.sonalegrepetit.com\/wp-content\/uploads\/2014\/03\/sonalegre-slider-home-930x300.jpg\" alt=\"\" \/><\/a><\/p><h3><a href=\"https:\/\/www.sonalegrepetit.com\/de\/holiday-home-mallorca\/son-alegre-ist-ein-typisches-mallorquinisches-landhaus\/\">Son Alegre ist ein typisches mallorquinisches Landhaus<\/a><\/h3><p>Son Alegre ist ein typisches mallorquinisches Landhaus. Es wurde im Jahr 1888 von unserer Familie als kleines Nebengeb\u00e4ude f\u00fcr die Feldarbeiten, insbesondere in der Sommerzeit, errichtet. Wir haben das Haus restauriert und ausgebaut, ohne dabei die Essenz der urspr\u00fcnglichen Konstruktion zu ver\u00e4ndern. In K\u00fcche, Ess- und Wohnzimmer sind die Natursteinw\u00e4nde teilweise beibehalten worden, die mit [&hellip;]<\/p><p class=\"slider-content-slide-button\"><a href=\"https:\/\/www.sonalegrepetit.com\/de\/holiday-home-mallorca\/son-alegre-ist-ein-typisches-mallorquinisches-landhaus\/\" class=\"palace-button\" rel=\"bookmark\">Learn more &raquo;<\/a><\/p><\/div><div class=\"slider-content-slide one-third column \"><p class=\"scale-with-grid\"><a href=\"https:\/\/www.sonalegrepetit.com\/de\/holiday-home-mallorca\/house-with-swimming-pool-to-rent-mallorca\/\"><img decoding=\"async\" src=\"https:\/\/www.sonalegrepetit.com\/wp-content\/uploads\/2014\/11\/w1-_262aa-selec-DSC_5314-copia-930x300.jpg\" alt=\"\" \/><\/a><\/p><h3><a href=\"https:\/\/www.sonalegrepetit.com\/de\/holiday-home-mallorca\/house-with-swimming-pool-to-rent-mallorca\/\">House with swimming pool to rent in Mallorca<\/a><\/h3><p>Son Alegre Petit is an inland house with private swimming pool to rent in Mallorca. Son Alegre Petit has a lovely swimming pool and large garden area adapted for enjoying the sun and shade under the trees surrounding it.<\/p><p class=\"slider-content-slide-button\"><a href=\"https:\/\/www.sonalegrepetit.com\/de\/holiday-home-mallorca\/house-with-swimming-pool-to-rent-mallorca\/\" class=\"palace-button\" rel=\"bookmark\">Learn more &raquo;<\/a><\/p><\/div><\/div><\/div><\/div><\/p>","protected":false},"excerpt":{"rendered":"<p>Son Alegre Petit, your holiday home in Mallorca, recalls one of those \u201clocus amoenus\u201d described by the classical poets: an idyllic place in pleasant natural surroundings, far from the noise and bustle of the city and the coast. It is inland Mallorca: genuine, delicate, beautiful, peaceful&#8230; a place close to the essential, simple things, where [&hellip;]<\/p>\n","protected":false},"author":1,"featured_media":0,"parent":0,"menu_order":0,"comment_status":"open","ping_status":"open","template":"","meta":{"footnotes":""},"class_list":["post-97","page","type-page","status-publish","hentry"],"yoast_head":"<!-- This site is optimized with the Yoast SEO plugin v25.6 - https:\/\/yoast.com\/wordpress\/plugins\/seo\/ -->\n<title>Son Alegre Petit: Your Holiday Home in Mallorca<\/title>\n<meta name=\"description\" content=\"Casa para alquilar en Mallorca, con piscina y mucho encanto, situada en un entorno rural a las afueras de Santa Margalida, un peque\u00f1o para\u00edso.\" \/>\n<meta name=\"robots\" content=\"index, follow, max-snippet:-1, max-image-preview:large, max-video-preview:-1\" \/>\n<link rel=\"canonical\" href=\"http:\/\/www.sonalegrepetit.com\/\" \/>\n<meta property=\"og:locale\" content=\"de_DE\" \/>\n<meta property=\"og:type\" content=\"article\" \/>\n<meta property=\"og:title\" content=\"Son Alegre Petit: Your Holiday Home in Mallorca\" \/>\n<meta property=\"og:description\" content=\"Casa para alquilar en Mallorca, con piscina y mucho encanto, situada en un entorno rural a las afueras de Santa Margalida, un peque\u00f1o para\u00edso.\" \/>\n<meta property=\"og:url\" content=\"http:\/\/www.sonalegrepetit.com\/\" \/>\n<meta property=\"og:site_name\" content=\"Son Alegre Petit\" \/>\n<meta property=\"article:modified_time\" content=\"2024-08-01T07:46:18+00:00\" \/>\n<meta name=\"twitter:card\" content=\"summary_large_image\" \/>\n<meta name=\"twitter:label1\" content=\"Gesch\u00e4tzte Lesezeit\" \/>\n\t<meta name=\"twitter:data1\" content=\"1\u00a0Minute\" \/>\n<script type=\"application\/ld+json\" class=\"yoast-schema-graph\">{\"@context\":\"https:\/\/schema.org\",\"@graph\":[{\"@type\":\"WebPage\",\"@id\":\"http:\/\/www.sonalegrepetit.com\/\",\"url\":\"http:\/\/www.sonalegrepetit.com\/\",\"name\":\"Son Alegre Petit: Your Holiday Home in Mallorca\",\"isPartOf\":{\"@id\":\"https:\/\/www.sonalegrepetit.com\/#website\"},\"datePublished\":\"2013-03-27T23:56:11+00:00\",\"dateModified\":\"2024-08-01T07:46:18+00:00\",\"description\":\"Casa para alquilar en Mallorca, con piscina y mucho encanto, situada en un entorno rural a las afueras de Santa Margalida, un peque\u00f1o para\u00edso.\",\"breadcrumb\":{\"@id\":\"http:\/\/www.sonalegrepetit.com\/#breadcrumb\"},\"inLanguage\":\"de\",\"potentialAction\":[{\"@type\":\"ReadAction\",\"target\":[\"http:\/\/www.sonalegrepetit.com\/\"]}]},{\"@type\":\"BreadcrumbList\",\"@id\":\"http:\/\/www.sonalegrepetit.com\/#breadcrumb\",\"itemListElement\":[{\"@type\":\"ListItem\",\"position\":1,\"name\":\"Startseite\",\"item\":\"http:\/\/www.sonalegrepetit.com\/\"},{\"@type\":\"ListItem\",\"position\":2,\"name\":\"Son Alegre Petit: Your Holiday Home in Mallorca\"}]},{\"@type\":\"WebSite\",\"@id\":\"https:\/\/www.sonalegrepetit.com\/#website\",\"url\":\"https:\/\/www.sonalegrepetit.com\/\",\"name\":\"Son Alegre Petit\",\"description\":\"Your Holiday Home in Mallorca\",\"potentialAction\":[{\"@type\":\"SearchAction\",\"target\":{\"@type\":\"EntryPoint\",\"urlTemplate\":\"https:\/\/www.sonalegrepetit.com\/?s={search_term_string}\"},\"query-input\":{\"@type\":\"PropertyValueSpecification\",\"valueRequired\":true,\"valueName\":\"search_term_string\"}}],\"inLanguage\":\"de\"}]}<\/script>\n<!-- \/ Yoast SEO plugin. -->","yoast_head_json":{"title":"Son Alegre Petit: Your Holiday Home in Mallorca","description":"Casa para alquilar en Mallorca, con piscina y mucho encanto, situada en un entorno rural a las afueras de Santa Margalida, un peque\u00f1o para\u00edso.","robots":{"index":"index","follow":"follow","max-snippet":"max-snippet:-1","max-image-preview":"max-image-preview:large","max-video-preview":"max-video-preview:-1"},"canonical":"http:\/\/www.sonalegrepetit.com\/","og_locale":"de_DE","og_type":"article","og_title":"Son Alegre Petit: Your Holiday Home in Mallorca","og_description":"Casa para alquilar en Mallorca, con piscina y mucho encanto, situada en un entorno rural a las afueras de Santa Margalida, un peque\u00f1o para\u00edso.","og_url":"http:\/\/www.sonalegrepetit.com\/","og_site_name":"Son Alegre Petit","article_modified_time":"2024-08-01T07:46:18+00:00","twitter_card":"summary_large_image","twitter_misc":{"Gesch\u00e4tzte Lesezeit":"1\u00a0Minute"},"schema":{"@context":"https:\/\/schema.org","@graph":[{"@type":"WebPage","@id":"http:\/\/www.sonalegrepetit.com\/","url":"http:\/\/www.sonalegrepetit.com\/","name":"Son Alegre Petit: Your Holiday Home in Mallorca","isPartOf":{"@id":"https:\/\/www.sonalegrepetit.com\/#website"},"datePublished":"2013-03-27T23:56:11+00:00","dateModified":"2024-08-01T07:46:18+00:00","description":"Casa para alquilar en Mallorca, con piscina y mucho encanto, situada en un entorno rural a las afueras de Santa Margalida, un peque\u00f1o para\u00edso.","breadcrumb":{"@id":"http:\/\/www.sonalegrepetit.com\/#breadcrumb"},"inLanguage":"de","potentialAction":[{"@type":"ReadAction","target":["http:\/\/www.sonalegrepetit.com\/"]}]},{"@type":"BreadcrumbList","@id":"http:\/\/www.sonalegrepetit.com\/#breadcrumb","itemListElement":[{"@type":"ListItem","position":1,"name":"Startseite","item":"http:\/\/www.sonalegrepetit.com\/"},{"@type":"ListItem","position":2,"name":"Son Alegre Petit: Your Holiday Home in Mallorca"}]},{"@type":"WebSite","@id":"https:\/\/www.sonalegrepetit.com\/#website","url":"https:\/\/www.sonalegrepetit.com\/","name":"Son Alegre Petit","description":"Your Holiday Home in Mallorca","potentialAction":[{"@type":"SearchAction","target":{"@type":"EntryPoint","urlTemplate":"https:\/\/www.sonalegrepetit.com\/?s={search_term_string}"},"query-input":{"@type":"PropertyValueSpecification","valueRequired":true,"valueName":"search_term_string"}}],"inLanguage":"de"}]}},"_links":{"self":[{"href":"https:\/\/www.sonalegrepetit.com\/de\/wp-json\/wp\/v2\/pages\/97"}],"collection":[{"href":"https:\/\/www.sonalegrepetit.com\/de\/wp-json\/wp\/v2\/pages"}],"about":[{"href":"https:\/\/www.sonalegrepetit.com\/de\/wp-json\/wp\/v2\/types\/page"}],"author":[{"embeddable":true,"href":"https:\/\/www.sonalegrepetit.com\/de\/wp-json\/wp\/v2\/users\/1"}],"replies":[{"embeddable":true,"href":"https:\/\/www.sonalegrepetit.com\/de\/wp-json\/wp\/v2\/comments?post=97"}],"version-history":[{"count":114,"href":"https:\/\/www.sonalegrepetit.com\/de\/wp-json\/wp\/v2\/pages\/97\/revisions"}],"predecessor-version":[{"id":2160,"href":"https:\/\/www.sonalegrepetit.com\/de\/wp-json\/wp\/v2\/pages\/97\/revisions\/2160"}],"wp:attachment":[{"href":"https:\/\/www.sonalegrepetit.com\/de\/wp-json\/wp\/v2\/media?parent=97"}],"curies":[{"name":"wp","href":"https:\/\/api.w.org\/{rel}","templated":true}]}}