{"id":1487,"date":"2014-04-10T11:44:08","date_gmt":"2014-04-10T11:44:08","guid":{"rendered":"http:\/\/iiinnnttteeerrrnnneeettt.com\/?page_id=1487"},"modified":"2016-03-21T18:35:53","modified_gmt":"2016-03-21T17:35:53","slug":"normas-funcionamiento","status":"publish","type":"page","link":"https:\/\/www.sonalegrepetit.com\/de\/hausordnung\/","title":{"rendered":"Hausordnung"},"content":{"rendered":"<p><\/p>\n<ul>\n<li>\u2022\tBitte gehen Sie mit Haus und M\u00f6beln sorgsam und pfleglich um.\u00a0<\/li>\n<li>\u2022\tHaustiere sind willkommen, sofern sie ihren Tierhaltern gehorchen und nicht das Mobiliar und die Umwelt besch\u00e4digen (Haftpflichtversicherung). <\/li>\n<li>\u2022\tEs gibt au\u00dferdem Zitronen- und Orangenb\u00e4ume; in der Saison d\u00fcrfen Sie gerne Zitronen und Orangen zum Kochen verwenden.\u00a0<\/li>\n<li>\u2022\tWenn Sie bei einem l\u00e4ngeren Aufenthalt einen zus\u00e4tzlichen Putzdienst ben\u00f6tigen, k\u00f6nnen Sie ihn bestellen (Kosten  18 \u20ac\/Stunde).<\/li>\n<li>\u2022\tWir recyceln gerne unsere Abf\u00e4lle.  Sie k\u00f6nnen das auch tun.  <\/li>\n<li>\u2022\tAm Haus befinden sich einige Blument\u00f6pfe. Wir bitten Sie, die Pflanzen zu gie\u00dfen. <\/li>\n<li>\u2022\tRauchen ist erlaubt, aber bitte auf der Terrasse. Das Haus riecht so besser!<\/li>\n<\/ul>\n<p><\/p>","protected":false},"excerpt":{"rendered":"<p>\u2022 Bitte gehen Sie mit Haus und M\u00f6beln sorgsam und pfleglich um.\u00a0 \u2022 Haustiere sind willkommen, sofern sie ihren Tierhaltern gehorchen und nicht das Mobiliar und die Umwelt besch\u00e4digen (Haftpflichtversicherung). \u2022 Es gibt au\u00dferdem Zitronen- und Orangenb\u00e4ume; in der Saison d\u00fcrfen Sie gerne Zitronen und Orangen zum Kochen verwenden.\u00a0 \u2022 Wenn Sie bei einem l\u00e4ngeren [&hellip;]<\/p>\n","protected":false},"author":1,"featured_media":0,"parent":0,"menu_order":0,"comment_status":"open","ping_status":"open","template":"","meta":{"footnotes":""},"class_list":["post-1487","page","type-page","status-publish","hentry"],"yoast_head":"<!-- This site is optimized with the Yoast SEO plugin v25.6 - https:\/\/yoast.com\/wordpress\/plugins\/seo\/ -->\n<title>Hausordnung | Son Alegre Petit<\/title>\n<meta name=\"robots\" content=\"index, follow, max-snippet:-1, max-image-preview:large, max-video-preview:-1\" \/>\n<link rel=\"canonical\" href=\"https:\/\/www.sonalegrepetit.com\/house-rules\/\" \/>\n<meta property=\"og:locale\" content=\"de_DE\" \/>\n<meta property=\"og:type\" content=\"article\" \/>\n<meta property=\"og:title\" content=\"Hausordnung | Son Alegre Petit\" \/>\n<meta property=\"og:description\" content=\"\u2022 Bitte gehen Sie mit Haus und M\u00f6beln sorgsam und pfleglich um.\u00a0 \u2022 Haustiere sind willkommen, sofern sie ihren Tierhaltern gehorchen und nicht das Mobiliar und die Umwelt besch\u00e4digen (Haftpflichtversicherung). \u2022 Es gibt au\u00dferdem Zitronen- und Orangenb\u00e4ume; in der Saison d\u00fcrfen Sie gerne Zitronen und Orangen zum Kochen verwenden.\u00a0 \u2022 Wenn Sie bei einem l\u00e4ngeren [&hellip;]\" \/>\n<meta property=\"og:url\" content=\"https:\/\/www.sonalegrepetit.com\/house-rules\/\" \/>\n<meta property=\"og:site_name\" content=\"Son Alegre Petit\" \/>\n<meta property=\"article:modified_time\" content=\"2016-03-21T17:35:53+00:00\" \/>\n<meta name=\"twitter:card\" content=\"summary_large_image\" \/>\n<meta name=\"twitter:label1\" content=\"Gesch\u00e4tzte Lesezeit\" \/>\n\t<meta name=\"twitter:data1\" content=\"3\u00a0Minuten\" \/>\n<script type=\"application\/ld+json\" class=\"yoast-schema-graph\">{\"@context\":\"https:\/\/schema.org\",\"@graph\":[{\"@type\":\"WebPage\",\"@id\":\"https:\/\/www.sonalegrepetit.com\/house-rules\/\",\"url\":\"https:\/\/www.sonalegrepetit.com\/house-rules\/\",\"name\":\"Hausordnung | Son Alegre Petit\",\"isPartOf\":{\"@id\":\"https:\/\/www.sonalegrepetit.com\/#website\"},\"datePublished\":\"2014-04-10T11:44:08+00:00\",\"dateModified\":\"2016-03-21T17:35:53+00:00\",\"breadcrumb\":{\"@id\":\"https:\/\/www.sonalegrepetit.com\/house-rules\/#breadcrumb\"},\"inLanguage\":\"de\",\"potentialAction\":[{\"@type\":\"ReadAction\",\"target\":[\"https:\/\/www.sonalegrepetit.com\/house-rules\/\"]}]},{\"@type\":\"BreadcrumbList\",\"@id\":\"https:\/\/www.sonalegrepetit.com\/house-rules\/#breadcrumb\",\"itemListElement\":[{\"@type\":\"ListItem\",\"position\":1,\"name\":\"Startseite\",\"item\":\"http:\/\/www.sonalegrepetit.com\/\"},{\"@type\":\"ListItem\",\"position\":2,\"name\":\"House Rules\"}]},{\"@type\":\"WebSite\",\"@id\":\"https:\/\/www.sonalegrepetit.com\/#website\",\"url\":\"https:\/\/www.sonalegrepetit.com\/\",\"name\":\"Son Alegre Petit\",\"description\":\"Your Holiday Home in Mallorca\",\"potentialAction\":[{\"@type\":\"SearchAction\",\"target\":{\"@type\":\"EntryPoint\",\"urlTemplate\":\"https:\/\/www.sonalegrepetit.com\/?s={search_term_string}\"},\"query-input\":{\"@type\":\"PropertyValueSpecification\",\"valueRequired\":true,\"valueName\":\"search_term_string\"}}],\"inLanguage\":\"de\"}]}<\/script>\n<!-- \/ Yoast SEO plugin. -->","yoast_head_json":{"title":"Hausordnung | Son Alegre Petit","robots":{"index":"index","follow":"follow","max-snippet":"max-snippet:-1","max-image-preview":"max-image-preview:large","max-video-preview":"max-video-preview:-1"},"canonical":"https:\/\/www.sonalegrepetit.com\/house-rules\/","og_locale":"de_DE","og_type":"article","og_title":"Hausordnung | Son Alegre Petit","og_description":"\u2022 Bitte gehen Sie mit Haus und M\u00f6beln sorgsam und pfleglich um.\u00a0 \u2022 Haustiere sind willkommen, sofern sie ihren Tierhaltern gehorchen und nicht das Mobiliar und die Umwelt besch\u00e4digen (Haftpflichtversicherung). \u2022 Es gibt au\u00dferdem Zitronen- und Orangenb\u00e4ume; in der Saison d\u00fcrfen Sie gerne Zitronen und Orangen zum Kochen verwenden.\u00a0 \u2022 Wenn Sie bei einem l\u00e4ngeren [&hellip;]","og_url":"https:\/\/www.sonalegrepetit.com\/house-rules\/","og_site_name":"Son Alegre Petit","article_modified_time":"2016-03-21T17:35:53+00:00","twitter_card":"summary_large_image","twitter_misc":{"Gesch\u00e4tzte Lesezeit":"3\u00a0Minuten"},"schema":{"@context":"https:\/\/schema.org","@graph":[{"@type":"WebPage","@id":"https:\/\/www.sonalegrepetit.com\/house-rules\/","url":"https:\/\/www.sonalegrepetit.com\/house-rules\/","name":"Hausordnung | Son Alegre Petit","isPartOf":{"@id":"https:\/\/www.sonalegrepetit.com\/#website"},"datePublished":"2014-04-10T11:44:08+00:00","dateModified":"2016-03-21T17:35:53+00:00","breadcrumb":{"@id":"https:\/\/www.sonalegrepetit.com\/house-rules\/#breadcrumb"},"inLanguage":"de","potentialAction":[{"@type":"ReadAction","target":["https:\/\/www.sonalegrepetit.com\/house-rules\/"]}]},{"@type":"BreadcrumbList","@id":"https:\/\/www.sonalegrepetit.com\/house-rules\/#breadcrumb","itemListElement":[{"@type":"ListItem","position":1,"name":"Startseite","item":"http:\/\/www.sonalegrepetit.com\/"},{"@type":"ListItem","position":2,"name":"House Rules"}]},{"@type":"WebSite","@id":"https:\/\/www.sonalegrepetit.com\/#website","url":"https:\/\/www.sonalegrepetit.com\/","name":"Son Alegre Petit","description":"Your Holiday Home in Mallorca","potentialAction":[{"@type":"SearchAction","target":{"@type":"EntryPoint","urlTemplate":"https:\/\/www.sonalegrepetit.com\/?s={search_term_string}"},"query-input":{"@type":"PropertyValueSpecification","valueRequired":true,"valueName":"search_term_string"}}],"inLanguage":"de"}]}},"_links":{"self":[{"href":"https:\/\/www.sonalegrepetit.com\/de\/wp-json\/wp\/v2\/pages\/1487"}],"collection":[{"href":"https:\/\/www.sonalegrepetit.com\/de\/wp-json\/wp\/v2\/pages"}],"about":[{"href":"https:\/\/www.sonalegrepetit.com\/de\/wp-json\/wp\/v2\/types\/page"}],"author":[{"embeddable":true,"href":"https:\/\/www.sonalegrepetit.com\/de\/wp-json\/wp\/v2\/users\/1"}],"replies":[{"embeddable":true,"href":"https:\/\/www.sonalegrepetit.com\/de\/wp-json\/wp\/v2\/comments?post=1487"}],"version-history":[{"count":6,"href":"https:\/\/www.sonalegrepetit.com\/de\/wp-json\/wp\/v2\/pages\/1487\/revisions"}],"predecessor-version":[{"id":2090,"href":"https:\/\/www.sonalegrepetit.com\/de\/wp-json\/wp\/v2\/pages\/1487\/revisions\/2090"}],"wp:attachment":[{"href":"https:\/\/www.sonalegrepetit.com\/de\/wp-json\/wp\/v2\/media?parent=1487"}],"curies":[{"name":"wp","href":"https:\/\/api.w.org\/{rel}","templated":true}]}}