{"id":1484,"date":"2014-04-10T11:41:26","date_gmt":"2014-04-10T11:41:26","guid":{"rendered":"http:\/\/iiinnnttteeerrrnnneeettt.com\/?page_id=1484"},"modified":"2016-04-06T17:58:28","modified_gmt":"2016-04-06T16:58:28","slug":"caracteristicas","status":"publish","type":"page","link":"https:\/\/www.sonalegrepetit.com\/de\/ausstattung\/","title":{"rendered":"Ausstattung"},"content":{"rendered":"<p><\/p>\n<ul>\n<li>\u2022\tMaximal 4 Personen <\/li>\n<li>\u2022\t2 Doppelzimmer: gro\u00dfes Schlafzimmer mit 2 Betten und Mansarde mit 2 Einzelbetten, ideal f\u00fcr Kinder <\/li>\n<li>\u2022\t2 Badezimmer in Suite<\/li>\n<li>\u2022\tGr\u00f6\u00dfe der Betten 2 x 1 m<\/li>\n<li>\u2022\tKomplett ausgestattete K\u00fcche (Waschmaschine, Geschirrsp\u00fcler, Kaffeemaschine, Toaster, K\u00fchlschrank, K\u00fcchenutensilien) und ein Feuerholz-Kamin, ideal f\u00fcr Wintertage <\/li>\n<li>\u2022\tGro\u00dfes Wohn- und Esszimmer (TV)<\/li>\n<li>\u2022\tDas Haus ist vollst\u00e4ndig mit Elektroheizung und Klimaanlage ausgestattet.  <\/li>\n<li>\u2022\tPool und gro\u00dfer Garten f\u00fcr die Genussmomente in der Sonne und im Schatten der umstehenden B\u00e4ume <\/li>\n<li>\u2022\tGrill<\/li>\n<li>\u2022\tWLAN  <\/li>\n<\/ul>\n<p><div class=\"gallery-photoswipe slider-type-a slider-content-first-container\" data-autoplay=\"5000\"><a class=\"slider-content-button-left\" href=\"#\"><\/a><a class=\"slider-content-button-right\" href=\"#\"><\/a><div class=\"slider-content-button-left-disabled\"><\/div><div class=\"slider-content-button-right-disabled\"><\/div><div class=\"slider-content-second-container\"><div class=\"slider-content-third-container\"><\/div><\/div><\/div><\/p>","protected":false},"excerpt":{"rendered":"<p>\u2022 Maximal 4 Personen \u2022 2 Doppelzimmer: gro\u00dfes Schlafzimmer mit 2 Betten und Mansarde mit 2 Einzelbetten, ideal f\u00fcr Kinder \u2022 2 Badezimmer in Suite \u2022 Gr\u00f6\u00dfe der Betten 2 x 1 m \u2022 Komplett ausgestattete K\u00fcche (Waschmaschine, Geschirrsp\u00fcler, Kaffeemaschine, Toaster, K\u00fchlschrank, K\u00fcchenutensilien) und ein Feuerholz-Kamin, ideal f\u00fcr Wintertage \u2022 Gro\u00dfes Wohn- und Esszimmer (TV) [&hellip;]<\/p>\n","protected":false},"author":1,"featured_media":0,"parent":0,"menu_order":0,"comment_status":"open","ping_status":"open","template":"","meta":{"footnotes":""},"class_list":["post-1484","page","type-page","status-publish","hentry"],"yoast_head":"<!-- This site is optimized with the Yoast SEO plugin v25.6 - https:\/\/yoast.com\/wordpress\/plugins\/seo\/ -->\n<title>Ausstattung | Son Alegre Petit<\/title>\n<meta name=\"robots\" content=\"index, follow, max-snippet:-1, max-image-preview:large, max-video-preview:-1\" \/>\n<link rel=\"canonical\" href=\"https:\/\/www.sonalegrepetit.com\/characteristics\/\" \/>\n<meta property=\"og:locale\" content=\"de_DE\" \/>\n<meta property=\"og:type\" content=\"article\" \/>\n<meta property=\"og:title\" content=\"Ausstattung | Son Alegre Petit\" \/>\n<meta property=\"og:description\" content=\"\u2022 Maximal 4 Personen \u2022 2 Doppelzimmer: gro\u00dfes Schlafzimmer mit 2 Betten und Mansarde mit 2 Einzelbetten, ideal f\u00fcr Kinder \u2022 2 Badezimmer in Suite \u2022 Gr\u00f6\u00dfe der Betten 2 x 1 m \u2022 Komplett ausgestattete K\u00fcche (Waschmaschine, Geschirrsp\u00fcler, Kaffeemaschine, Toaster, K\u00fchlschrank, K\u00fcchenutensilien) und ein Feuerholz-Kamin, ideal f\u00fcr Wintertage \u2022 Gro\u00dfes Wohn- und Esszimmer (TV) [&hellip;]\" \/>\n<meta property=\"og:url\" content=\"https:\/\/www.sonalegrepetit.com\/characteristics\/\" \/>\n<meta property=\"og:site_name\" content=\"Son Alegre Petit\" \/>\n<meta property=\"article:modified_time\" content=\"2016-04-06T16:58:28+00:00\" \/>\n<meta name=\"twitter:card\" content=\"summary_large_image\" \/>\n<meta name=\"twitter:label1\" content=\"Gesch\u00e4tzte Lesezeit\" \/>\n\t<meta name=\"twitter:data1\" content=\"3\u00a0Minuten\" \/>\n<script type=\"application\/ld+json\" class=\"yoast-schema-graph\">{\"@context\":\"https:\/\/schema.org\",\"@graph\":[{\"@type\":\"WebPage\",\"@id\":\"https:\/\/www.sonalegrepetit.com\/characteristics\/\",\"url\":\"https:\/\/www.sonalegrepetit.com\/characteristics\/\",\"name\":\"Ausstattung | Son Alegre Petit\",\"isPartOf\":{\"@id\":\"https:\/\/www.sonalegrepetit.com\/#website\"},\"datePublished\":\"2014-04-10T11:41:26+00:00\",\"dateModified\":\"2016-04-06T16:58:28+00:00\",\"breadcrumb\":{\"@id\":\"https:\/\/www.sonalegrepetit.com\/characteristics\/#breadcrumb\"},\"inLanguage\":\"de\",\"potentialAction\":[{\"@type\":\"ReadAction\",\"target\":[\"https:\/\/www.sonalegrepetit.com\/characteristics\/\"]}]},{\"@type\":\"BreadcrumbList\",\"@id\":\"https:\/\/www.sonalegrepetit.com\/characteristics\/#breadcrumb\",\"itemListElement\":[{\"@type\":\"ListItem\",\"position\":1,\"name\":\"Startseite\",\"item\":\"http:\/\/www.sonalegrepetit.com\/\"},{\"@type\":\"ListItem\",\"position\":2,\"name\":\"Characteristics\"}]},{\"@type\":\"WebSite\",\"@id\":\"https:\/\/www.sonalegrepetit.com\/#website\",\"url\":\"https:\/\/www.sonalegrepetit.com\/\",\"name\":\"Son Alegre Petit\",\"description\":\"Your Holiday Home in Mallorca\",\"potentialAction\":[{\"@type\":\"SearchAction\",\"target\":{\"@type\":\"EntryPoint\",\"urlTemplate\":\"https:\/\/www.sonalegrepetit.com\/?s={search_term_string}\"},\"query-input\":{\"@type\":\"PropertyValueSpecification\",\"valueRequired\":true,\"valueName\":\"search_term_string\"}}],\"inLanguage\":\"de\"}]}<\/script>\n<!-- \/ Yoast SEO plugin. -->","yoast_head_json":{"title":"Ausstattung | Son Alegre Petit","robots":{"index":"index","follow":"follow","max-snippet":"max-snippet:-1","max-image-preview":"max-image-preview:large","max-video-preview":"max-video-preview:-1"},"canonical":"https:\/\/www.sonalegrepetit.com\/characteristics\/","og_locale":"de_DE","og_type":"article","og_title":"Ausstattung | Son Alegre Petit","og_description":"\u2022 Maximal 4 Personen \u2022 2 Doppelzimmer: gro\u00dfes Schlafzimmer mit 2 Betten und Mansarde mit 2 Einzelbetten, ideal f\u00fcr Kinder \u2022 2 Badezimmer in Suite \u2022 Gr\u00f6\u00dfe der Betten 2 x 1 m \u2022 Komplett ausgestattete K\u00fcche (Waschmaschine, Geschirrsp\u00fcler, Kaffeemaschine, Toaster, K\u00fchlschrank, K\u00fcchenutensilien) und ein Feuerholz-Kamin, ideal f\u00fcr Wintertage \u2022 Gro\u00dfes Wohn- und Esszimmer (TV) [&hellip;]","og_url":"https:\/\/www.sonalegrepetit.com\/characteristics\/","og_site_name":"Son Alegre Petit","article_modified_time":"2016-04-06T16:58:28+00:00","twitter_card":"summary_large_image","twitter_misc":{"Gesch\u00e4tzte Lesezeit":"3\u00a0Minuten"},"schema":{"@context":"https:\/\/schema.org","@graph":[{"@type":"WebPage","@id":"https:\/\/www.sonalegrepetit.com\/characteristics\/","url":"https:\/\/www.sonalegrepetit.com\/characteristics\/","name":"Ausstattung | Son Alegre Petit","isPartOf":{"@id":"https:\/\/www.sonalegrepetit.com\/#website"},"datePublished":"2014-04-10T11:41:26+00:00","dateModified":"2016-04-06T16:58:28+00:00","breadcrumb":{"@id":"https:\/\/www.sonalegrepetit.com\/characteristics\/#breadcrumb"},"inLanguage":"de","potentialAction":[{"@type":"ReadAction","target":["https:\/\/www.sonalegrepetit.com\/characteristics\/"]}]},{"@type":"BreadcrumbList","@id":"https:\/\/www.sonalegrepetit.com\/characteristics\/#breadcrumb","itemListElement":[{"@type":"ListItem","position":1,"name":"Startseite","item":"http:\/\/www.sonalegrepetit.com\/"},{"@type":"ListItem","position":2,"name":"Characteristics"}]},{"@type":"WebSite","@id":"https:\/\/www.sonalegrepetit.com\/#website","url":"https:\/\/www.sonalegrepetit.com\/","name":"Son Alegre Petit","description":"Your Holiday Home in Mallorca","potentialAction":[{"@type":"SearchAction","target":{"@type":"EntryPoint","urlTemplate":"https:\/\/www.sonalegrepetit.com\/?s={search_term_string}"},"query-input":{"@type":"PropertyValueSpecification","valueRequired":true,"valueName":"search_term_string"}}],"inLanguage":"de"}]}},"_links":{"self":[{"href":"https:\/\/www.sonalegrepetit.com\/de\/wp-json\/wp\/v2\/pages\/1484"}],"collection":[{"href":"https:\/\/www.sonalegrepetit.com\/de\/wp-json\/wp\/v2\/pages"}],"about":[{"href":"https:\/\/www.sonalegrepetit.com\/de\/wp-json\/wp\/v2\/types\/page"}],"author":[{"embeddable":true,"href":"https:\/\/www.sonalegrepetit.com\/de\/wp-json\/wp\/v2\/users\/1"}],"replies":[{"embeddable":true,"href":"https:\/\/www.sonalegrepetit.com\/de\/wp-json\/wp\/v2\/comments?post=1484"}],"version-history":[{"count":26,"href":"https:\/\/www.sonalegrepetit.com\/de\/wp-json\/wp\/v2\/pages\/1484\/revisions"}],"predecessor-version":[{"id":2157,"href":"https:\/\/www.sonalegrepetit.com\/de\/wp-json\/wp\/v2\/pages\/1484\/revisions\/2157"}],"wp:attachment":[{"href":"https:\/\/www.sonalegrepetit.com\/de\/wp-json\/wp\/v2\/media?parent=1484"}],"curies":[{"name":"wp","href":"https:\/\/api.w.org\/{rel}","templated":true}]}}