{"id":1487,"date":"2014-04-10T11:44:08","date_gmt":"2014-04-10T11:44:08","guid":{"rendered":"http:\/\/iiinnnttteeerrrnnneeettt.com\/?page_id=1487"},"modified":"2016-03-21T18:35:53","modified_gmt":"2016-03-21T17:35:53","slug":"normas-funcionamiento","status":"publish","type":"page","link":"https:\/\/www.sonalegrepetit.com\/CA\/normes-de-la-casa\/","title":{"rendered":"Normes de la casa"},"content":{"rendered":"<p><\/p>\n<ul>\n<li>\u2022 Si us plau, respectau i cuidau la casa i els mobles.\u00a0<\/li>\n<li>\u2022 Les vostres mascotes hi s\u00f3n benvingudes, sempre que siguin fidels als seus amos i respectin el mobiliari i el medi ambient. (Asseguran\u00e7a de responsabilitat civil). <\/li>\n<li>\u2022 Tamb\u00e9 hi ha llimoneres i tarongers; quan sigui la temporada en podeu collir per menjar-ne o cuinar.\u00a0<\/li>\n<li>\u2022 Si necessitau servei de neteja addicional per a estades de llarga durada, es pot sol.licitar (cost:  18\u20ac\/hora).<\/li>\n<li>\u2022 A nosaltres ens agrada reciclar els nostres residus . Vosaltres tamb\u00e9 podeu fer-ho.<\/li>\n<li>\u2022 Al voltant de la casa hi ha alguns cossiols amb plantes, us agrair\u00edem que les regueu.<\/li>\n<li>\u2022 Es pot fumar per\u00f2 preferentment a la terrassa, la casa far\u00e0 m\u00e9s bona olor!\u00a0<\/li>\n<\/ul>\n<p><\/p>","protected":false},"excerpt":{"rendered":"<p>\u2022 Si us plau, respectau i cuidau la casa i els mobles.\u00a0 \u2022 Les vostres mascotes hi s\u00f3n benvingudes, sempre que siguin fidels als seus amos i respectin el mobiliari i el medi ambient. (Asseguran\u00e7a de responsabilitat civil). \u2022 Tamb\u00e9 hi ha llimoneres i tarongers; quan sigui la temporada en podeu collir per menjar-ne o [&hellip;]<\/p>\n","protected":false},"author":1,"featured_media":0,"parent":0,"menu_order":0,"comment_status":"open","ping_status":"open","template":"","meta":{"footnotes":""},"class_list":["post-1487","page","type-page","status-publish","hentry"],"yoast_head":"<!-- This site is optimized with the Yoast SEO plugin v25.6 - https:\/\/yoast.com\/wordpress\/plugins\/seo\/ -->\n<title>Normes de la casa | Son Alegre Petit<\/title>\n<meta name=\"robots\" content=\"index, follow, max-snippet:-1, max-image-preview:large, max-video-preview:-1\" \/>\n<link rel=\"canonical\" href=\"https:\/\/www.sonalegrepetit.com\/house-rules\/\" \/>\n<meta property=\"og:locale\" content=\"ca_ES\" \/>\n<meta property=\"og:type\" content=\"article\" \/>\n<meta property=\"og:title\" content=\"Normes de la casa | Son Alegre Petit\" \/>\n<meta property=\"og:description\" content=\"\u2022 Si us plau, respectau i cuidau la casa i els mobles.\u00a0 \u2022 Les vostres mascotes hi s\u00f3n benvingudes, sempre que siguin fidels als seus amos i respectin el mobiliari i el medi ambient. (Asseguran\u00e7a de responsabilitat civil). \u2022 Tamb\u00e9 hi ha llimoneres i tarongers; quan sigui la temporada en podeu collir per menjar-ne o [&hellip;]\" \/>\n<meta property=\"og:url\" content=\"https:\/\/www.sonalegrepetit.com\/house-rules\/\" \/>\n<meta property=\"og:site_name\" content=\"Son Alegre Petit\" \/>\n<meta property=\"article:modified_time\" content=\"2016-03-21T17:35:53+00:00\" \/>\n<meta name=\"twitter:card\" content=\"summary_large_image\" \/>\n<meta name=\"twitter:label1\" content=\"Est. reading time\" \/>\n\t<meta name=\"twitter:data1\" content=\"3 minutes\" \/>\n<script type=\"application\/ld+json\" class=\"yoast-schema-graph\">{\"@context\":\"https:\/\/schema.org\",\"@graph\":[{\"@type\":\"WebPage\",\"@id\":\"https:\/\/www.sonalegrepetit.com\/house-rules\/\",\"url\":\"https:\/\/www.sonalegrepetit.com\/house-rules\/\",\"name\":\"Normes de la casa | Son Alegre Petit\",\"isPartOf\":{\"@id\":\"https:\/\/www.sonalegrepetit.com\/#website\"},\"datePublished\":\"2014-04-10T11:44:08+00:00\",\"dateModified\":\"2016-03-21T17:35:53+00:00\",\"breadcrumb\":{\"@id\":\"https:\/\/www.sonalegrepetit.com\/house-rules\/#breadcrumb\"},\"inLanguage\":\"ca-ES\",\"potentialAction\":[{\"@type\":\"ReadAction\",\"target\":[\"https:\/\/www.sonalegrepetit.com\/house-rules\/\"]}]},{\"@type\":\"BreadcrumbList\",\"@id\":\"https:\/\/www.sonalegrepetit.com\/house-rules\/#breadcrumb\",\"itemListElement\":[{\"@type\":\"ListItem\",\"position\":1,\"name\":\"Home\",\"item\":\"http:\/\/www.sonalegrepetit.com\/\"},{\"@type\":\"ListItem\",\"position\":2,\"name\":\"House Rules\"}]},{\"@type\":\"WebSite\",\"@id\":\"https:\/\/www.sonalegrepetit.com\/#website\",\"url\":\"https:\/\/www.sonalegrepetit.com\/\",\"name\":\"Son Alegre Petit\",\"description\":\"Casa per llogar a Mallorca\",\"potentialAction\":[{\"@type\":\"SearchAction\",\"target\":{\"@type\":\"EntryPoint\",\"urlTemplate\":\"https:\/\/www.sonalegrepetit.com\/?s={search_term_string}\"},\"query-input\":{\"@type\":\"PropertyValueSpecification\",\"valueRequired\":true,\"valueName\":\"search_term_string\"}}],\"inLanguage\":\"ca-ES\"}]}<\/script>\n<!-- \/ Yoast SEO plugin. -->","yoast_head_json":{"title":"Normes de la casa | Son Alegre Petit","robots":{"index":"index","follow":"follow","max-snippet":"max-snippet:-1","max-image-preview":"max-image-preview:large","max-video-preview":"max-video-preview:-1"},"canonical":"https:\/\/www.sonalegrepetit.com\/house-rules\/","og_locale":"ca_ES","og_type":"article","og_title":"Normes de la casa | Son Alegre Petit","og_description":"\u2022 Si us plau, respectau i cuidau la casa i els mobles.\u00a0 \u2022 Les vostres mascotes hi s\u00f3n benvingudes, sempre que siguin fidels als seus amos i respectin el mobiliari i el medi ambient. (Asseguran\u00e7a de responsabilitat civil). \u2022 Tamb\u00e9 hi ha llimoneres i tarongers; quan sigui la temporada en podeu collir per menjar-ne o [&hellip;]","og_url":"https:\/\/www.sonalegrepetit.com\/house-rules\/","og_site_name":"Son Alegre Petit","article_modified_time":"2016-03-21T17:35:53+00:00","twitter_card":"summary_large_image","twitter_misc":{"Est. reading time":"3 minutes"},"schema":{"@context":"https:\/\/schema.org","@graph":[{"@type":"WebPage","@id":"https:\/\/www.sonalegrepetit.com\/house-rules\/","url":"https:\/\/www.sonalegrepetit.com\/house-rules\/","name":"Normes de la casa | Son Alegre Petit","isPartOf":{"@id":"https:\/\/www.sonalegrepetit.com\/#website"},"datePublished":"2014-04-10T11:44:08+00:00","dateModified":"2016-03-21T17:35:53+00:00","breadcrumb":{"@id":"https:\/\/www.sonalegrepetit.com\/house-rules\/#breadcrumb"},"inLanguage":"ca-ES","potentialAction":[{"@type":"ReadAction","target":["https:\/\/www.sonalegrepetit.com\/house-rules\/"]}]},{"@type":"BreadcrumbList","@id":"https:\/\/www.sonalegrepetit.com\/house-rules\/#breadcrumb","itemListElement":[{"@type":"ListItem","position":1,"name":"Home","item":"http:\/\/www.sonalegrepetit.com\/"},{"@type":"ListItem","position":2,"name":"House Rules"}]},{"@type":"WebSite","@id":"https:\/\/www.sonalegrepetit.com\/#website","url":"https:\/\/www.sonalegrepetit.com\/","name":"Son Alegre Petit","description":"Casa per llogar a Mallorca","potentialAction":[{"@type":"SearchAction","target":{"@type":"EntryPoint","urlTemplate":"https:\/\/www.sonalegrepetit.com\/?s={search_term_string}"},"query-input":{"@type":"PropertyValueSpecification","valueRequired":true,"valueName":"search_term_string"}}],"inLanguage":"ca-ES"}]}},"_links":{"self":[{"href":"https:\/\/www.sonalegrepetit.com\/CA\/wp-json\/wp\/v2\/pages\/1487"}],"collection":[{"href":"https:\/\/www.sonalegrepetit.com\/CA\/wp-json\/wp\/v2\/pages"}],"about":[{"href":"https:\/\/www.sonalegrepetit.com\/CA\/wp-json\/wp\/v2\/types\/page"}],"author":[{"embeddable":true,"href":"https:\/\/www.sonalegrepetit.com\/CA\/wp-json\/wp\/v2\/users\/1"}],"replies":[{"embeddable":true,"href":"https:\/\/www.sonalegrepetit.com\/CA\/wp-json\/wp\/v2\/comments?post=1487"}],"version-history":[{"count":6,"href":"https:\/\/www.sonalegrepetit.com\/CA\/wp-json\/wp\/v2\/pages\/1487\/revisions"}],"predecessor-version":[{"id":2090,"href":"https:\/\/www.sonalegrepetit.com\/CA\/wp-json\/wp\/v2\/pages\/1487\/revisions\/2090"}],"wp:attachment":[{"href":"https:\/\/www.sonalegrepetit.com\/CA\/wp-json\/wp\/v2\/media?parent=1487"}],"curies":[{"name":"wp","href":"https:\/\/api.w.org\/{rel}","templated":true}]}}