{"id":1484,"date":"2014-04-10T11:41:26","date_gmt":"2014-04-10T11:41:26","guid":{"rendered":"http:\/\/iiinnnttteeerrrnnneeettt.com\/?page_id=1484"},"modified":"2016-04-06T17:58:28","modified_gmt":"2016-04-06T16:58:28","slug":"caracteristicas","status":"publish","type":"page","link":"https:\/\/www.sonalegrepetit.com\/CA\/caracteristiques\/","title":{"rendered":"Caracter\u00edstiques"},"content":{"rendered":"<p><\/p>\n<ul>\n<li>\u2022 4 Persones m\u00e0xim.<\/li>\n<li>\u2022 2 habitacions dobles: ampli dormitori principal amb 2 llits i altell superior amb 2 llits individuals, ideal per als infants.<\/li>\n<li>\u2022 2 banys en suite.<\/li>\n<li>\u2022 Dimensions dels llits 2&#215;1<\/li>\n<li>\u2022 Cuina completament equipada (rentadora, rentavaixelles, cafetera, torradora, nevera, estris de cuina) i amb una llar de foc ideal per als dies d&#8217;hivern.<\/li>\n<li>\u2022 \u00c0mplia sala d&#8217;estar i menjador (TV)<\/li>\n<li>\u2022 La casa est\u00e0 totalment equipada amb calefacci\u00f3 el\u00e8ctrica i aire condicionat.<\/li>\n<li>\u2022 Piscina i gran espai al jard\u00ed, condicionat per a gaudir del sol i de l&#8217;ombra davall els arbres que l&#8217;envolten.<\/li>\n<li>\u2022 Barbacoa<\/li>\n<li>\u2022 Wifi<\/li>\n<\/ul>\n<p><div class=\"gallery-photoswipe slider-type-a slider-content-first-container\" data-autoplay=\"5000\"><a class=\"slider-content-button-left\" href=\"#\"><\/a><a class=\"slider-content-button-right\" href=\"#\"><\/a><div class=\"slider-content-button-left-disabled\"><\/div><div class=\"slider-content-button-right-disabled\"><\/div><div class=\"slider-content-second-container\"><div class=\"slider-content-third-container\"><div class=\"slider-content-slide one-third column \"><p class=\"scale-with-grid\"><a href=\"https:\/\/www.sonalegrepetit.com\/CA\/casa-llogar-mallorca\/son-alegre-es-una-tipica-casa-de-camp-mallorquina\/\"><img decoding=\"async\" src=\"https:\/\/www.sonalegrepetit.com\/wp-content\/uploads\/2014\/03\/sonalegre-slider-home-930x300.jpg\" alt=\"\" \/><\/a><\/p><h3><a href=\"https:\/\/www.sonalegrepetit.com\/CA\/casa-llogar-mallorca\/son-alegre-es-una-tipica-casa-de-camp-mallorquina\/\">Son Alegre \u00e9s una t\u00edpica casa de camp mallorquina<\/a><\/h3><p>Son Alegre \u00e9s una t\u00edpica casa de camp mallorquina. Va ser constru\u00efda per la nostra fam\u00edlia l\u2019any 1888 com a caseta per als que anaven a fer feina a fora vila, especialment durant l\u2019estiu. L\u2019hem restaurada i ampliada mantenint l\u2019ess\u00e8ncia de la construcci\u00f3 inicial. La cuina, el menjador i la sala d\u2019estar mantenen part de [&hellip;]<\/p><p class=\"slider-content-slide-button\"><a href=\"https:\/\/www.sonalegrepetit.com\/CA\/casa-llogar-mallorca\/son-alegre-es-una-tipica-casa-de-camp-mallorquina\/\" class=\"palace-button\" rel=\"bookmark\">Llegir m\u00e9s sobre<\/a><\/p><\/div><div class=\"slider-content-slide one-third column \"><p class=\"scale-with-grid\"><a href=\"https:\/\/www.sonalegrepetit.com\/CA\/casa-llogar-mallorca\/casa-amb-piscina-per-llogar-mallorca\/\"><img decoding=\"async\" src=\"https:\/\/www.sonalegrepetit.com\/wp-content\/uploads\/2014\/11\/w1-_262aa-selec-DSC_5314-copia-930x300.jpg\" alt=\"\" \/><\/a><\/p><h3><a href=\"https:\/\/www.sonalegrepetit.com\/CA\/casa-llogar-mallorca\/casa-amb-piscina-per-llogar-mallorca\/\">Casa amb piscina per llogar a Mallorca<\/a><\/h3><p>Son Alegre Petit \u00e9s una casa d&#8217;interor amb piscina per llogar a Mallorca. Compta amb una encantadora piscina i un gran espai al jard\u00ed, condicionat per a gaudir del sol i de l\u2019ombra davall els arbres que l\u2019envolten.\u2028<\/p><p class=\"slider-content-slide-button\"><a href=\"https:\/\/www.sonalegrepetit.com\/CA\/casa-llogar-mallorca\/casa-amb-piscina-per-llogar-mallorca\/\" class=\"palace-button\" rel=\"bookmark\">Llegir m\u00e9s sobre<\/a><\/p><\/div><\/div><\/div><\/div><\/p>","protected":false},"excerpt":{"rendered":"<p>\u2022 4 Persones m\u00e0xim. \u2022 2 habitacions dobles: ampli dormitori principal amb 2 llits i altell superior amb 2 llits individuals, ideal per als infants. \u2022 2 banys en suite. \u2022 Dimensions dels llits 2&#215;1 \u2022 Cuina completament equipada (rentadora, rentavaixelles, cafetera, torradora, nevera, estris de cuina) i amb una llar de foc ideal per [&hellip;]<\/p>\n","protected":false},"author":1,"featured_media":0,"parent":0,"menu_order":0,"comment_status":"open","ping_status":"open","template":"","meta":{"footnotes":""},"class_list":["post-1484","page","type-page","status-publish","hentry"],"yoast_head":"<!-- This site is optimized with the Yoast SEO plugin v25.6 - https:\/\/yoast.com\/wordpress\/plugins\/seo\/ -->\n<title>Caracter\u00edstiques | Son Alegre Petit<\/title>\n<meta name=\"robots\" content=\"index, follow, max-snippet:-1, max-image-preview:large, max-video-preview:-1\" \/>\n<link rel=\"canonical\" href=\"https:\/\/www.sonalegrepetit.com\/characteristics\/\" \/>\n<meta property=\"og:locale\" content=\"ca_ES\" \/>\n<meta property=\"og:type\" content=\"article\" \/>\n<meta property=\"og:title\" content=\"Caracter\u00edstiques | Son Alegre Petit\" \/>\n<meta property=\"og:description\" content=\"\u2022 4 Persones m\u00e0xim. \u2022 2 habitacions dobles: ampli dormitori principal amb 2 llits i altell superior amb 2 llits individuals, ideal per als infants. \u2022 2 banys en suite. \u2022 Dimensions dels llits 2&#215;1 \u2022 Cuina completament equipada (rentadora, rentavaixelles, cafetera, torradora, nevera, estris de cuina) i amb una llar de foc ideal per [&hellip;]\" \/>\n<meta property=\"og:url\" content=\"https:\/\/www.sonalegrepetit.com\/characteristics\/\" \/>\n<meta property=\"og:site_name\" content=\"Son Alegre Petit\" \/>\n<meta property=\"article:modified_time\" content=\"2016-04-06T16:58:28+00:00\" \/>\n<meta name=\"twitter:card\" content=\"summary_large_image\" \/>\n<meta name=\"twitter:label1\" content=\"Est. reading time\" \/>\n\t<meta name=\"twitter:data1\" content=\"3 minutes\" \/>\n<script type=\"application\/ld+json\" class=\"yoast-schema-graph\">{\"@context\":\"https:\/\/schema.org\",\"@graph\":[{\"@type\":\"WebPage\",\"@id\":\"https:\/\/www.sonalegrepetit.com\/characteristics\/\",\"url\":\"https:\/\/www.sonalegrepetit.com\/characteristics\/\",\"name\":\"Caracter\u00edstiques | Son Alegre Petit\",\"isPartOf\":{\"@id\":\"https:\/\/www.sonalegrepetit.com\/#website\"},\"datePublished\":\"2014-04-10T11:41:26+00:00\",\"dateModified\":\"2016-04-06T16:58:28+00:00\",\"breadcrumb\":{\"@id\":\"https:\/\/www.sonalegrepetit.com\/characteristics\/#breadcrumb\"},\"inLanguage\":\"ca-ES\",\"potentialAction\":[{\"@type\":\"ReadAction\",\"target\":[\"https:\/\/www.sonalegrepetit.com\/characteristics\/\"]}]},{\"@type\":\"BreadcrumbList\",\"@id\":\"https:\/\/www.sonalegrepetit.com\/characteristics\/#breadcrumb\",\"itemListElement\":[{\"@type\":\"ListItem\",\"position\":1,\"name\":\"Home\",\"item\":\"http:\/\/www.sonalegrepetit.com\/\"},{\"@type\":\"ListItem\",\"position\":2,\"name\":\"Characteristics\"}]},{\"@type\":\"WebSite\",\"@id\":\"https:\/\/www.sonalegrepetit.com\/#website\",\"url\":\"https:\/\/www.sonalegrepetit.com\/\",\"name\":\"Son Alegre Petit\",\"description\":\"Casa per llogar a Mallorca\",\"potentialAction\":[{\"@type\":\"SearchAction\",\"target\":{\"@type\":\"EntryPoint\",\"urlTemplate\":\"https:\/\/www.sonalegrepetit.com\/?s={search_term_string}\"},\"query-input\":{\"@type\":\"PropertyValueSpecification\",\"valueRequired\":true,\"valueName\":\"search_term_string\"}}],\"inLanguage\":\"ca-ES\"}]}<\/script>\n<!-- \/ Yoast SEO plugin. -->","yoast_head_json":{"title":"Caracter\u00edstiques | Son Alegre Petit","robots":{"index":"index","follow":"follow","max-snippet":"max-snippet:-1","max-image-preview":"max-image-preview:large","max-video-preview":"max-video-preview:-1"},"canonical":"https:\/\/www.sonalegrepetit.com\/characteristics\/","og_locale":"ca_ES","og_type":"article","og_title":"Caracter\u00edstiques | Son Alegre Petit","og_description":"\u2022 4 Persones m\u00e0xim. \u2022 2 habitacions dobles: ampli dormitori principal amb 2 llits i altell superior amb 2 llits individuals, ideal per als infants. \u2022 2 banys en suite. \u2022 Dimensions dels llits 2&#215;1 \u2022 Cuina completament equipada (rentadora, rentavaixelles, cafetera, torradora, nevera, estris de cuina) i amb una llar de foc ideal per [&hellip;]","og_url":"https:\/\/www.sonalegrepetit.com\/characteristics\/","og_site_name":"Son Alegre Petit","article_modified_time":"2016-04-06T16:58:28+00:00","twitter_card":"summary_large_image","twitter_misc":{"Est. reading time":"3 minutes"},"schema":{"@context":"https:\/\/schema.org","@graph":[{"@type":"WebPage","@id":"https:\/\/www.sonalegrepetit.com\/characteristics\/","url":"https:\/\/www.sonalegrepetit.com\/characteristics\/","name":"Caracter\u00edstiques | Son Alegre Petit","isPartOf":{"@id":"https:\/\/www.sonalegrepetit.com\/#website"},"datePublished":"2014-04-10T11:41:26+00:00","dateModified":"2016-04-06T16:58:28+00:00","breadcrumb":{"@id":"https:\/\/www.sonalegrepetit.com\/characteristics\/#breadcrumb"},"inLanguage":"ca-ES","potentialAction":[{"@type":"ReadAction","target":["https:\/\/www.sonalegrepetit.com\/characteristics\/"]}]},{"@type":"BreadcrumbList","@id":"https:\/\/www.sonalegrepetit.com\/characteristics\/#breadcrumb","itemListElement":[{"@type":"ListItem","position":1,"name":"Home","item":"http:\/\/www.sonalegrepetit.com\/"},{"@type":"ListItem","position":2,"name":"Characteristics"}]},{"@type":"WebSite","@id":"https:\/\/www.sonalegrepetit.com\/#website","url":"https:\/\/www.sonalegrepetit.com\/","name":"Son Alegre Petit","description":"Casa per llogar a Mallorca","potentialAction":[{"@type":"SearchAction","target":{"@type":"EntryPoint","urlTemplate":"https:\/\/www.sonalegrepetit.com\/?s={search_term_string}"},"query-input":{"@type":"PropertyValueSpecification","valueRequired":true,"valueName":"search_term_string"}}],"inLanguage":"ca-ES"}]}},"_links":{"self":[{"href":"https:\/\/www.sonalegrepetit.com\/CA\/wp-json\/wp\/v2\/pages\/1484"}],"collection":[{"href":"https:\/\/www.sonalegrepetit.com\/CA\/wp-json\/wp\/v2\/pages"}],"about":[{"href":"https:\/\/www.sonalegrepetit.com\/CA\/wp-json\/wp\/v2\/types\/page"}],"author":[{"embeddable":true,"href":"https:\/\/www.sonalegrepetit.com\/CA\/wp-json\/wp\/v2\/users\/1"}],"replies":[{"embeddable":true,"href":"https:\/\/www.sonalegrepetit.com\/CA\/wp-json\/wp\/v2\/comments?post=1484"}],"version-history":[{"count":26,"href":"https:\/\/www.sonalegrepetit.com\/CA\/wp-json\/wp\/v2\/pages\/1484\/revisions"}],"predecessor-version":[{"id":2157,"href":"https:\/\/www.sonalegrepetit.com\/CA\/wp-json\/wp\/v2\/pages\/1484\/revisions\/2157"}],"wp:attachment":[{"href":"https:\/\/www.sonalegrepetit.com\/CA\/wp-json\/wp\/v2\/media?parent=1484"}],"curies":[{"name":"wp","href":"https:\/\/api.w.org\/{rel}","templated":true}]}}